{"id":899,"date":"2018-01-22T20:04:03","date_gmt":"2018-01-22T18:04:03","guid":{"rendered":"https:\/\/kobietynauki.org\/index.php\/konkursy\/innowacja-jest-kobieta-vi-edycja-copy\/"},"modified":"2020-08-02T05:13:38","modified_gmt":"2020-08-02T03:13:38","slug":"innowacja-jest-kobieta-vii-edycja","status":"publish","type":"page","link":"https:\/\/kobietynauki.org\/index.php\/konkursy\/innowacja-jest-kobieta-vii-edycja\/","title":{"rendered":"Innowacja jest kobiet\u0105 VII edycja"},"content":{"rendered":"<!--themify_builder_content-->\n<div id=\"themify_builder_content-899\" data-postid=\"899\" class=\"themify_builder_content themify_builder_content-899 themify_builder tf_clear\">\n                    <div  data-lazy=\"1\" class=\"module_row themify_builder_row tb_7alt004 tb_first tf_w\">\n                        <div class=\"row_inner col_align_top tb_col_count_1 tf_box tf_rel\">\n                        <div  data-lazy=\"1\" class=\"module_column tb-column col-full tb_dew6455 first\">\n                    <!-- module text -->\n<div  class=\"module module-text tb_55o0606  repeat \" data-lazy=\"1\">\n        <div  class=\"tb_text_wrap\">\n        <h2 style=\"text-align: center;\">Polska Sie\u0107 Kobiet Nauki<\/h2>    <\/div>\n<\/div>\n<!-- \/module text -->        <\/div>\n                        <\/div>\n        <\/div>\n                        <div  data-lazy=\"1\" class=\"module_row themify_builder_row tb_9ywi074 tf_w\">\n                        <div class=\"row_inner col_align_top tb_col_count_1 tf_box tf_rel\">\n                        <div  data-lazy=\"1\" class=\"module_column tb-column col-full tb_5w0i404 first\">\n                    <!-- module menu -->\n<div  class=\"module module-menu tb_nxml077  mobile-menu-slide\" data-menu-style=\"mobile-menu-slide\" data-menu-breakpoint=\"0\" data-element-id=\"tb_nxml077\" data-lazy=\"1\">\n        \n    <div class=\"module-menu-container\"><ul id=\"menu-main\" class=\"ui tf_clearfix nav tf_rel tf_scrollbar menu-bar tb_default_color gradient\"><li id=\"menu-item-44\" class=\"menu-item-page-2 menu-item menu-item-type-post_type menu-item-object-page menu-item-home menu-item-44\"><a href=\"https:\/\/kobietynauki.org\/\">Polska Sie\u0107 Kobiet Nauki<\/a><\/li>\n<li id=\"menu-item-377\" class=\"menu-item-page-370 menu-item menu-item-type-post_type menu-item-object-page menu-item-377\"><a href=\"https:\/\/kobietynauki.org\/index.php\/patronaty\/\">Patronaty<\/a><\/li>\n<li id=\"menu-item-397\" class=\"menu-item-page-387 menu-item menu-item-type-post_type menu-item-object-page menu-item-has-children menu-item-397\"><a href=\"https:\/\/kobietynauki.org\/index.php\/konkursy\/\">Konkursy<span class=\"child-arrow closed\" tabindex=\"-1\"><\/span><\/a>\n<ul class=\"sub-menu\">\n\t<li id=\"menu-item-1175\" class=\"menu-item-post-1156 menu-item menu-item-type-post_type menu-item-object-post menu-item-1175 menu-post-1156-parent-397\"><a href=\"https:\/\/kobietynauki.org\/index.php\/2019\/08\/letnia-edycja-konkursu-innowacja-jest-kobieta-xi-edycja\/\">Innowacja jest kobiet\u0105 XI edycja<\/a><\/li>\n\t<li id=\"menu-item-1153\" class=\"menu-item-post-1147 menu-item menu-item-type-post_type menu-item-object-post menu-item-1153 menu-post-1147-parent-397\"><a href=\"https:\/\/kobietynauki.org\/index.php\/2019\/02\/wyniki-x-edycji-konkursu-innowacja-jest-kobieta\/\">Innowacja jest kobiet\u0105 X edycja<\/a><\/li>\n\t<li id=\"menu-item-1100\" class=\"menu-item-page-1093 menu-item menu-item-type-post_type menu-item-object-page menu-item-1100 menu-page-1093-parent-397\"><a href=\"https:\/\/kobietynauki.org\/index.php\/konkursy\/innowacja-jest-kobieta-ix-edycja\/\">Innowacja jest kobiet\u0105 IX edycja<\/a><\/li>\n\t<li id=\"menu-item-1053\" class=\"menu-item-page-1047 menu-item menu-item-type-post_type menu-item-object-page menu-item-1053 menu-page-1047-parent-397\"><a href=\"https:\/\/kobietynauki.org\/index.php\/konkursy\/innowacja-jest-kobieta-viii-edycja\/\">Innowacja jest kobiet\u0105 VIII edycja<\/a><\/li>\n\t<li id=\"menu-item-903\" class=\"menu-item-page-899 menu-item menu-item-type-post_type menu-item-object-page menu-item-903 menu-page-899-parent-397\"><a href=\"https:\/\/kobietynauki.org\/index.php\/konkursy\/innowacja-jest-kobieta-vii-edycja\/\">Innowacja jest kobiet\u0105 VII edycja<\/a><\/li>\n\t<li id=\"menu-item-591\" class=\"menu-item-page-585 menu-item menu-item-type-post_type menu-item-object-page menu-item-591 menu-page-585-parent-397\"><a href=\"https:\/\/kobietynauki.org\/index.php\/konkursy\/innowacja-jest-kobieta-vi-edycja\/\">Innowacja jest kobiet\u0105 VI edycja<\/a><\/li>\n\t<li id=\"menu-item-613\" class=\"menu-item-page-605 menu-item menu-item-type-post_type menu-item-object-page menu-item-613 menu-page-605-parent-397\"><a href=\"https:\/\/kobietynauki.org\/index.php\/konkursy\/innowacja-jest-kobieta-v-edycja\/\">Innowacja jest kobiet\u0105 V edycja<\/a><\/li>\n\t<li id=\"menu-item-638\" class=\"menu-item-page-628 menu-item menu-item-type-post_type menu-item-object-page menu-item-638 menu-page-628-parent-397\"><a href=\"https:\/\/kobietynauki.org\/index.php\/konkursy\/innowacja-jest-kobieta-iv-edycja\/\">Innowacja jest kobiet\u0105 IV edycja<\/a><\/li>\n\t<li id=\"menu-item-679\" class=\"menu-item-page-671 menu-item menu-item-type-post_type menu-item-object-page menu-item-679 menu-page-671-parent-397\"><a href=\"https:\/\/kobietynauki.org\/index.php\/konkursy\/innowacja-jest-kobieta-iii-edycja\/\">Innowacja jest kobiet\u0105 III edycja<\/a><\/li>\n\t<li id=\"menu-item-691\" class=\"menu-item-page-684 menu-item menu-item-type-post_type menu-item-object-page menu-item-691 menu-page-684-parent-397\"><a href=\"https:\/\/kobietynauki.org\/index.php\/konkursy\/innowacja-jest-kobieta-ii-edycja\/\">Innowacja jest kobiet\u0105 II edycja<\/a><\/li>\n\t<li id=\"menu-item-709\" class=\"menu-item-page-699 menu-item menu-item-type-post_type menu-item-object-page menu-item-709 menu-page-699-parent-397\"><a href=\"https:\/\/kobietynauki.org\/index.php\/konkursy\/innowacja-jest-kobieta-i-edycja\/\">Innowacja jest kobiet\u0105 I edycja<\/a><\/li>\n<\/ul>\n<\/li>\n<li id=\"menu-item-419\" class=\"menu-item-page-409 menu-item menu-item-type-post_type menu-item-object-page menu-item-419\"><a href=\"https:\/\/kobietynauki.org\/index.php\/nasi-partnerzy\/\">Nasi Partnerzy<\/a><\/li>\n<li id=\"menu-item-430\" class=\"menu-item-page-421 menu-item menu-item-type-post_type menu-item-object-page menu-item-430\"><a href=\"https:\/\/kobietynauki.org\/index.php\/czytelnia\/\">Czytelnia<\/a><\/li>\n<li id=\"menu-item-470\" class=\"menu-item-page-455 menu-item menu-item-type-post_type menu-item-object-page menu-item-470\"><a href=\"https:\/\/kobietynauki.org\/index.php\/kobiety-ekspertki\/\">Kobiety-Ekspertki<\/a><\/li>\n<li id=\"menu-item-481\" class=\"menu-item-page-472 menu-item menu-item-type-post_type menu-item-object-page menu-item-has-children menu-item-481\"><a href=\"https:\/\/kobietynauki.org\/index.php\/o-nas\/\">O nas<span class=\"child-arrow closed\" tabindex=\"-1\"><\/span><\/a>\n<ul class=\"sub-menu\">\n\t<li id=\"menu-item-494\" class=\"menu-item-page-483 menu-item menu-item-type-post_type menu-item-object-page menu-item-494 menu-page-483-parent-481\"><a href=\"https:\/\/kobietynauki.org\/index.php\/o-nas\/fundacja\/\">Fundacja<\/a><\/li>\n\t<li id=\"menu-item-511\" class=\"menu-item-page-498 menu-item menu-item-type-post_type menu-item-object-page menu-item-511 menu-page-498-parent-481\"><a href=\"https:\/\/kobietynauki.org\/index.php\/o-nas\/kim-jestesmy\/\">Kim jeste\u015bmy<\/a><\/li>\n\t<li id=\"menu-item-527\" class=\"menu-item-page-521 menu-item menu-item-type-post_type menu-item-object-page menu-item-527 menu-page-521-parent-481\"><a href=\"https:\/\/kobietynauki.org\/index.php\/o-nas\/wspieraja-nas\/\">Wspieraj\u0105 nas<\/a><\/li>\n\t<li id=\"menu-item-1012\" class=\"menu-item-page-1007 menu-item menu-item-type-post_type menu-item-object-page menu-item-1012 menu-page-1007-parent-481\"><a href=\"https:\/\/kobietynauki.org\/index.php\/o-nas\/polityka-prywatnosci\/\">Polityka prywatno\u015bci<\/a><\/li>\n\t<li id=\"menu-item-551\" class=\"menu-item-page-533 menu-item menu-item-type-post_type menu-item-object-page menu-item-551 menu-page-533-parent-481\"><a href=\"https:\/\/kobietynauki.org\/index.php\/o-nas\/kontakt\/\">Kontakt<\/a><\/li>\n<\/ul>\n<\/li>\n<\/ul><\/div>        <style>\n            .mobile-menu-module[data-module=\"tb_nxml077\"]{\n                right:-300px            }\n        <\/style>\n    <\/div>\n<!-- \/module menu -->\n        <\/div>\n                        <\/div>\n        <\/div>\n                        <div  data-lazy=\"1\" class=\"module_row themify_builder_row tb_395p040 tf_w\">\n                        <div class=\"row_inner col_align_top tb_col_count_1 tf_box tf_rel\">\n                        <div  data-lazy=\"1\" class=\"module_column tb-column col-full tb_svjx557 first\">\n                    <!-- module text -->\n<div  class=\"module module-text tb_091n707  repeat \" data-lazy=\"1\">\n        <div  class=\"tb_text_wrap\">\n        <h1>Innowacja jest kobiet\u0105 VII edycja<\/h1>\n<p align=\"center\">Zwyci\u0119\u017cczyni\u0105 tegorocznej edycji konkursu \u201eInnowacja jest kobiet\u0105\u201d jest<\/p>\n<p align=\"center\"><span style=\"color: #0000ff;\"><b>dr Karolina Laszczyk<\/b><\/span><\/p>\n<p align=\"center\">z\u00a0<a href=\"http:\/\/www-old.wemif.pwr.wroc.pl\/zmf\/\" target=\"_blank\" rel=\"noopener\">Mi\u0119dzywydzia\u0142owego Zak\u0142adu Mikroin\u017cynierii i Fotowoltaiki<\/a><\/p>\n<p align=\"center\"><a href=\"http:\/\/pwr.edu.pl\/\" target=\"_blank\" rel=\"noopener\">Politechniki Wroc\u0142awskiej<\/a><\/p>\n<p><span style=\"color: #333333;\">Nagrodzony wynalazek to\u00a0<\/span><span style=\"color: #0000ff;\">miniaturowe urz\u0105dzenie do gromadzenia energii zbudowane z mikro-superkondensator\u00f3w,\u00a0<\/span><span style=\"color: #000000;\">charakteryzuj\u0105ce<\/span><span style=\"color: #333333;\">\u00a0si\u0119 bardzo wysokim stopniem zaawansowania technologii. Jury jest zgodne, \u017ce osi\u0105gni\u0119cie tysi\u0105ckrotnej miniaturyzacji\u00a0<\/span><span style=\"color: #000000;\">s<\/span><span style=\"color: #000000;\">uperkondensatora, w por\u00f3wnaniu do komercyjnego kondensatora elektrolitycznego przy zachowaniu tych samych osi\u0105g\u00f3w<\/span><span style=\"color: #333333;\">\u00a0jest imponuj\u0105ce!<\/span><\/p>\n<p>Nagrod\u200ba\u200b \u200bw postaci \u200bprezentacj\u200bi\u200b zwyci\u0119skiego rozwi\u0105zania na Mi\u0119dzynarodowych Targach \u200b&#8221;\u200bPomys\u0142y, Wynalazki, Nowe Produkty <a href=\"http:\/\/www.iena.de\/en\/home.html\" target=\"_blank\" rel=\"noopener\">iENA<\/a>&#8221;\u00a0w Norymberdze\u200b \u200bzosta\u0142a\u200b\u200b \u200bufundowana\u200b\u200b \u200bprzez nasz\u0105 partnerk\u0119 \u2013 Agencj\u0119 Promocyjn\u0105\u200b\u00a0<a href=\"http:\/\/www.inventor-factory.pl\/\" target=\"_blank\" rel=\"noopener\">Inventor<\/a>.\u00a0Projekt autorstwa dr Karoliny Laszczyk wyr\u00f3\u017cniono na Targach srebrnym medalem\u200b.<\/p>\n<p style=\"text-align: center;\"><span style=\"color: #0000ff;\">Serdecznie gratulujemy naszej zwyci\u0119\u017cczyni<\/span>!\u200b<\/p>\n<p style=\"text-align: center;\" align=\"center\"><span style=\"color: #0000ff;\">Wszystkim uczestniczkom dzi\u0119kujemy za zg\u0142oszenia!<\/span><\/p>\n    <\/div>\n<\/div>\n<!-- \/module text -->        <\/div>\n                        <\/div>\n        <\/div>\n        <\/div>\n<!--\/themify_builder_content-->","protected":false},"excerpt":{"rendered":"<p>Polska Sie\u0107 Kobiet Nauki Polska Sie\u0107 Kobiet Nauki Patronaty Konkursy Innowacja jest kobiet\u0105 XI edycja Innowacja jest kobiet\u0105 X edycja Innowacja jest kobiet\u0105 IX edycja Innowacja jest kobiet\u0105 VIII edycja Innowacja jest kobiet\u0105 VII edycja Innowacja jest kobiet\u0105 VI edycja Innowacja jest kobiet\u0105 V edycja Innowacja jest kobiet\u0105 IV edycja Innowacja jest kobiet\u0105 III edycja [&hellip;]<\/p>\n","protected":false},"author":1,"featured_media":0,"parent":387,"menu_order":0,"comment_status":"closed","ping_status":"closed","template":"","meta":{"footnotes":""},"class_list":["post-899","page","type-page","status-publish","hentry","has-post-title","has-post-date","has-post-category","has-post-tag","has-post-comment","has-post-author",""],"builder_content":"<h2 style=\"text-align: center;\">Polska Sie\u0107 Kobiet Nauki<\/h2>\n<ul id=\"menu-main\"><li id=\"menu-item-44\"><a href=\"https:\/\/kobietynauki.org\/\">Polska Sie\u0107 Kobiet Nauki<\/a><\/li> <li id=\"menu-item-377\"><a href=\"https:\/\/kobietynauki.org\/index.php\/patronaty\/\">Patronaty<\/a><\/li> <li id=\"menu-item-397\"><a href=\"https:\/\/kobietynauki.org\/index.php\/konkursy\/\">Konkursy<\/a> <ul> <li id=\"menu-item-1175\"><a href=\"https:\/\/kobietynauki.org\/index.php\/2019\/08\/letnia-edycja-konkursu-innowacja-jest-kobieta-xi-edycja\/\">Innowacja jest kobiet\u0105 XI edycja<\/a><\/li> <li id=\"menu-item-1153\"><a href=\"https:\/\/kobietynauki.org\/index.php\/2019\/02\/wyniki-x-edycji-konkursu-innowacja-jest-kobieta\/\">Innowacja jest kobiet\u0105 X edycja<\/a><\/li> <li id=\"menu-item-1100\"><a href=\"https:\/\/kobietynauki.org\/index.php\/konkursy\/innowacja-jest-kobieta-ix-edycja\/\">Innowacja jest kobiet\u0105 IX edycja<\/a><\/li> <li id=\"menu-item-1053\"><a href=\"https:\/\/kobietynauki.org\/index.php\/konkursy\/innowacja-jest-kobieta-viii-edycja\/\">Innowacja jest kobiet\u0105 VIII edycja<\/a><\/li> <li id=\"menu-item-903\"><a href=\"https:\/\/kobietynauki.org\/index.php\/konkursy\/innowacja-jest-kobieta-vii-edycja\/\">Innowacja jest kobiet\u0105 VII edycja<\/a><\/li> <li id=\"menu-item-591\"><a href=\"https:\/\/kobietynauki.org\/index.php\/konkursy\/innowacja-jest-kobieta-vi-edycja\/\">Innowacja jest kobiet\u0105 VI edycja<\/a><\/li> <li id=\"menu-item-613\"><a href=\"https:\/\/kobietynauki.org\/index.php\/konkursy\/innowacja-jest-kobieta-v-edycja\/\">Innowacja jest kobiet\u0105 V edycja<\/a><\/li> <li id=\"menu-item-638\"><a href=\"https:\/\/kobietynauki.org\/index.php\/konkursy\/innowacja-jest-kobieta-iv-edycja\/\">Innowacja jest kobiet\u0105 IV edycja<\/a><\/li> <li id=\"menu-item-679\"><a href=\"https:\/\/kobietynauki.org\/index.php\/konkursy\/innowacja-jest-kobieta-iii-edycja\/\">Innowacja jest kobiet\u0105 III edycja<\/a><\/li> <li id=\"menu-item-691\"><a href=\"https:\/\/kobietynauki.org\/index.php\/konkursy\/innowacja-jest-kobieta-ii-edycja\/\">Innowacja jest kobiet\u0105 II edycja<\/a><\/li> <li id=\"menu-item-709\"><a href=\"https:\/\/kobietynauki.org\/index.php\/konkursy\/innowacja-jest-kobieta-i-edycja\/\">Innowacja jest kobiet\u0105 I edycja<\/a><\/li> <\/ul> <\/li> <li id=\"menu-item-419\"><a href=\"https:\/\/kobietynauki.org\/index.php\/nasi-partnerzy\/\">Nasi Partnerzy<\/a><\/li> <li id=\"menu-item-430\"><a href=\"https:\/\/kobietynauki.org\/index.php\/czytelnia\/\">Czytelnia<\/a><\/li> <li id=\"menu-item-470\"><a href=\"https:\/\/kobietynauki.org\/index.php\/kobiety-ekspertki\/\">Kobiety-Ekspertki<\/a><\/li> <li id=\"menu-item-481\"><a href=\"https:\/\/kobietynauki.org\/index.php\/o-nas\/\">O nas<\/a> <ul> <li id=\"menu-item-494\"><a href=\"https:\/\/kobietynauki.org\/index.php\/o-nas\/fundacja\/\">Fundacja<\/a><\/li> <li id=\"menu-item-511\"><a href=\"https:\/\/kobietynauki.org\/index.php\/o-nas\/kim-jestesmy\/\">Kim jeste\u015bmy<\/a><\/li> <li id=\"menu-item-527\"><a href=\"https:\/\/kobietynauki.org\/index.php\/o-nas\/wspieraja-nas\/\">Wspieraj\u0105 nas<\/a><\/li> <li id=\"menu-item-1012\"><a href=\"https:\/\/kobietynauki.org\/index.php\/o-nas\/polityka-prywatnosci\/\">Polityka prywatno\u015bci<\/a><\/li> <li id=\"menu-item-551\"><a href=\"https:\/\/kobietynauki.org\/index.php\/o-nas\/kontakt\/\">Kontakt<\/a><\/li> <\/ul> <\/li> <\/ul>\n<h1>Innowacja jest kobiet\u0105 VII edycja<\/h1> <p align=\"center\">Zwyci\u0119\u017cczyni\u0105 tegorocznej edycji konkursu \u201eInnowacja jest kobiet\u0105\u201d jest<\/p> <p align=\"center\"><b>dr Karolina Laszczyk<\/b><\/p> <p align=\"center\">z\u00a0<a href=\"http:\/\/www-old.wemif.pwr.wroc.pl\/zmf\/\" target=\"_blank\" rel=\"noopener\">Mi\u0119dzywydzia\u0142owego Zak\u0142adu Mikroin\u017cynierii i Fotowoltaiki<\/a><\/p> <p align=\"center\"><a href=\"http:\/\/pwr.edu.pl\/\" target=\"_blank\" rel=\"noopener\">Politechniki Wroc\u0142awskiej<\/a><\/p> <p>Nagrodzony wynalazek to\u00a0miniaturowe urz\u0105dzenie do gromadzenia energii zbudowane z mikro-superkondensator\u00f3w,\u00a0charakteryzuj\u0105ce\u00a0si\u0119 bardzo wysokim stopniem zaawansowania technologii. Jury jest zgodne, \u017ce osi\u0105gni\u0119cie tysi\u0105ckrotnej miniaturyzacji\u00a0superkondensatora, w por\u00f3wnaniu do komercyjnego kondensatora elektrolitycznego przy zachowaniu tych samych osi\u0105g\u00f3w\u00a0jest imponuj\u0105ce!<\/p> <p>Nagrod\u200ba\u200b \u200bw postaci \u200bprezentacj\u200bi\u200b zwyci\u0119skiego rozwi\u0105zania na Mi\u0119dzynarodowych Targach \u200b\"\u200bPomys\u0142y, Wynalazki, Nowe Produkty <a href=\"http:\/\/www.iena.de\/en\/home.html\" target=\"_blank\" rel=\"noopener\">iENA<\/a>\"\u00a0w Norymberdze\u200b \u200bzosta\u0142a\u200b\u200b \u200bufundowana\u200b\u200b \u200bprzez nasz\u0105 partnerk\u0119 \u2013 Agencj\u0119 Promocyjn\u0105\u200b\u00a0<a href=\"http:\/\/www.inventor-factory.pl\/\" target=\"_blank\" rel=\"noopener\">Inventor<\/a>.\u00a0Projekt autorstwa dr Karoliny Laszczyk wyr\u00f3\u017cniono na Targach srebrnym medalem\u200b.<\/p> <p style=\"text-align: center;\">Serdecznie gratulujemy naszej zwyci\u0119\u017cczyni!\u200b<\/p> <p style=\"text-align: center;\" align=\"center\">Wszystkim uczestniczkom dzi\u0119kujemy za zg\u0142oszenia!<\/p>","_links":{"self":[{"href":"https:\/\/kobietynauki.org\/index.php\/wp-json\/wp\/v2\/pages\/899","targetHints":{"allow":["GET"]}}],"collection":[{"href":"https:\/\/kobietynauki.org\/index.php\/wp-json\/wp\/v2\/pages"}],"about":[{"href":"https:\/\/kobietynauki.org\/index.php\/wp-json\/wp\/v2\/types\/page"}],"author":[{"embeddable":true,"href":"https:\/\/kobietynauki.org\/index.php\/wp-json\/wp\/v2\/users\/1"}],"replies":[{"embeddable":true,"href":"https:\/\/kobietynauki.org\/index.php\/wp-json\/wp\/v2\/comments?post=899"}],"version-history":[{"count":11,"href":"https:\/\/kobietynauki.org\/index.php\/wp-json\/wp\/v2\/pages\/899\/revisions"}],"predecessor-version":[{"id":1046,"href":"https:\/\/kobietynauki.org\/index.php\/wp-json\/wp\/v2\/pages\/899\/revisions\/1046"}],"up":[{"embeddable":true,"href":"https:\/\/kobietynauki.org\/index.php\/wp-json\/wp\/v2\/pages\/387"}],"wp:attachment":[{"href":"https:\/\/kobietynauki.org\/index.php\/wp-json\/wp\/v2\/media?parent=899"}],"curies":[{"name":"wp","href":"https:\/\/api.w.org\/{rel}","templated":true}]}}