{"id":628,"date":"2017-11-13T17:58:48","date_gmt":"2017-11-13T15:58:48","guid":{"rendered":"https:\/\/kobietynauki.org\/szablon-copy\/"},"modified":"2020-08-02T00:42:33","modified_gmt":"2020-08-01T22:42:33","slug":"innowacja-jest-kobieta-iv-edycja","status":"publish","type":"page","link":"https:\/\/kobietynauki.org\/index.php\/konkursy\/innowacja-jest-kobieta-iv-edycja\/","title":{"rendered":"Innowacja jest kobiet\u0105 IV edycja"},"content":{"rendered":"<!--themify_builder_content-->\n<div id=\"themify_builder_content-628\" data-postid=\"628\" class=\"themify_builder_content themify_builder_content-628 themify_builder tf_clear\">\n                    <div  data-lazy=\"1\" class=\"module_row themify_builder_row tb_7juo608 tb_first tf_w\">\n                        <div class=\"row_inner col_align_top tb_col_count_1 tf_box tf_rel\">\n                        <div  data-lazy=\"1\" class=\"module_column tb-column col-full tb_ff5i008 first\">\n                    <!-- module text -->\n<div  class=\"module module-text tb_dxq3600  repeat \" data-lazy=\"1\">\n        <div  class=\"tb_text_wrap\">\n        <h2 style=\"text-align: center;\">Polska Sie\u0107 Kobiet Nauki<\/h2>    <\/div>\n<\/div>\n<!-- \/module text -->        <\/div>\n                        <\/div>\n        <\/div>\n                        <div  data-lazy=\"1\" class=\"module_row themify_builder_row tb_27a5030 tf_w\">\n                        <div class=\"row_inner col_align_top tb_col_count_1 tf_box tf_rel\">\n                        <div  data-lazy=\"1\" class=\"module_column tb-column col-full tb_awfg933 first\">\n                    <!-- module menu -->\n<div  class=\"module module-menu tb_8tgn309  mobile-menu-slide\" data-menu-style=\"mobile-menu-slide\" data-menu-breakpoint=\"0\" data-element-id=\"tb_8tgn309\" data-lazy=\"1\">\n        \n    <div class=\"module-menu-container\"><ul id=\"menu-main\" class=\"ui tf_clearfix nav tf_rel tf_scrollbar menu-bar tb_default_color gradient\"><li id=\"menu-item-44\" class=\"menu-item-page-2 menu-item menu-item-type-post_type menu-item-object-page menu-item-home menu-item-44\"><a href=\"https:\/\/kobietynauki.org\/\">Polska Sie\u0107 Kobiet Nauki<\/a><\/li>\n<li id=\"menu-item-377\" class=\"menu-item-page-370 menu-item menu-item-type-post_type menu-item-object-page menu-item-377\"><a href=\"https:\/\/kobietynauki.org\/index.php\/patronaty\/\">Patronaty<\/a><\/li>\n<li id=\"menu-item-397\" class=\"menu-item-page-387 menu-item menu-item-type-post_type menu-item-object-page menu-item-has-children menu-item-397\"><a href=\"https:\/\/kobietynauki.org\/index.php\/konkursy\/\">Konkursy<span class=\"child-arrow closed\" tabindex=\"-1\"><\/span><\/a>\n<ul class=\"sub-menu\">\n\t<li id=\"menu-item-1175\" class=\"menu-item-post-1156 menu-item menu-item-type-post_type menu-item-object-post menu-item-1175 menu-post-1156-parent-397\"><a href=\"https:\/\/kobietynauki.org\/index.php\/2019\/08\/letnia-edycja-konkursu-innowacja-jest-kobieta-xi-edycja\/\">Innowacja jest kobiet\u0105 XI edycja<\/a><\/li>\n\t<li id=\"menu-item-1153\" class=\"menu-item-post-1147 menu-item menu-item-type-post_type menu-item-object-post menu-item-1153 menu-post-1147-parent-397\"><a href=\"https:\/\/kobietynauki.org\/index.php\/2019\/02\/wyniki-x-edycji-konkursu-innowacja-jest-kobieta\/\">Innowacja jest kobiet\u0105 X edycja<\/a><\/li>\n\t<li id=\"menu-item-1100\" class=\"menu-item-page-1093 menu-item menu-item-type-post_type menu-item-object-page menu-item-1100 menu-page-1093-parent-397\"><a href=\"https:\/\/kobietynauki.org\/index.php\/konkursy\/innowacja-jest-kobieta-ix-edycja\/\">Innowacja jest kobiet\u0105 IX edycja<\/a><\/li>\n\t<li id=\"menu-item-1053\" class=\"menu-item-page-1047 menu-item menu-item-type-post_type menu-item-object-page menu-item-1053 menu-page-1047-parent-397\"><a href=\"https:\/\/kobietynauki.org\/index.php\/konkursy\/innowacja-jest-kobieta-viii-edycja\/\">Innowacja jest kobiet\u0105 VIII edycja<\/a><\/li>\n\t<li id=\"menu-item-903\" class=\"menu-item-page-899 menu-item menu-item-type-post_type menu-item-object-page menu-item-903 menu-page-899-parent-397\"><a href=\"https:\/\/kobietynauki.org\/index.php\/konkursy\/innowacja-jest-kobieta-vii-edycja\/\">Innowacja jest kobiet\u0105 VII edycja<\/a><\/li>\n\t<li id=\"menu-item-591\" class=\"menu-item-page-585 menu-item menu-item-type-post_type menu-item-object-page menu-item-591 menu-page-585-parent-397\"><a href=\"https:\/\/kobietynauki.org\/index.php\/konkursy\/innowacja-jest-kobieta-vi-edycja\/\">Innowacja jest kobiet\u0105 VI edycja<\/a><\/li>\n\t<li id=\"menu-item-613\" class=\"menu-item-page-605 menu-item menu-item-type-post_type menu-item-object-page menu-item-613 menu-page-605-parent-397\"><a href=\"https:\/\/kobietynauki.org\/index.php\/konkursy\/innowacja-jest-kobieta-v-edycja\/\">Innowacja jest kobiet\u0105 V edycja<\/a><\/li>\n\t<li id=\"menu-item-638\" class=\"menu-item-page-628 menu-item menu-item-type-post_type menu-item-object-page menu-item-638 menu-page-628-parent-397\"><a href=\"https:\/\/kobietynauki.org\/index.php\/konkursy\/innowacja-jest-kobieta-iv-edycja\/\">Innowacja jest kobiet\u0105 IV edycja<\/a><\/li>\n\t<li id=\"menu-item-679\" class=\"menu-item-page-671 menu-item menu-item-type-post_type menu-item-object-page menu-item-679 menu-page-671-parent-397\"><a href=\"https:\/\/kobietynauki.org\/index.php\/konkursy\/innowacja-jest-kobieta-iii-edycja\/\">Innowacja jest kobiet\u0105 III edycja<\/a><\/li>\n\t<li id=\"menu-item-691\" class=\"menu-item-page-684 menu-item menu-item-type-post_type menu-item-object-page menu-item-691 menu-page-684-parent-397\"><a href=\"https:\/\/kobietynauki.org\/index.php\/konkursy\/innowacja-jest-kobieta-ii-edycja\/\">Innowacja jest kobiet\u0105 II edycja<\/a><\/li>\n\t<li id=\"menu-item-709\" class=\"menu-item-page-699 menu-item menu-item-type-post_type menu-item-object-page menu-item-709 menu-page-699-parent-397\"><a href=\"https:\/\/kobietynauki.org\/index.php\/konkursy\/innowacja-jest-kobieta-i-edycja\/\">Innowacja jest kobiet\u0105 I edycja<\/a><\/li>\n<\/ul>\n<\/li>\n<li id=\"menu-item-419\" class=\"menu-item-page-409 menu-item menu-item-type-post_type menu-item-object-page menu-item-419\"><a href=\"https:\/\/kobietynauki.org\/index.php\/nasi-partnerzy\/\">Nasi Partnerzy<\/a><\/li>\n<li id=\"menu-item-430\" class=\"menu-item-page-421 menu-item menu-item-type-post_type menu-item-object-page menu-item-430\"><a href=\"https:\/\/kobietynauki.org\/index.php\/czytelnia\/\">Czytelnia<\/a><\/li>\n<li id=\"menu-item-470\" class=\"menu-item-page-455 menu-item menu-item-type-post_type menu-item-object-page menu-item-470\"><a href=\"https:\/\/kobietynauki.org\/index.php\/kobiety-ekspertki\/\">Kobiety-Ekspertki<\/a><\/li>\n<li id=\"menu-item-481\" class=\"menu-item-page-472 menu-item menu-item-type-post_type menu-item-object-page menu-item-has-children menu-item-481\"><a href=\"https:\/\/kobietynauki.org\/index.php\/o-nas\/\">O nas<span class=\"child-arrow closed\" tabindex=\"-1\"><\/span><\/a>\n<ul class=\"sub-menu\">\n\t<li id=\"menu-item-494\" class=\"menu-item-page-483 menu-item menu-item-type-post_type menu-item-object-page menu-item-494 menu-page-483-parent-481\"><a href=\"https:\/\/kobietynauki.org\/index.php\/o-nas\/fundacja\/\">Fundacja<\/a><\/li>\n\t<li id=\"menu-item-511\" class=\"menu-item-page-498 menu-item menu-item-type-post_type menu-item-object-page menu-item-511 menu-page-498-parent-481\"><a href=\"https:\/\/kobietynauki.org\/index.php\/o-nas\/kim-jestesmy\/\">Kim jeste\u015bmy<\/a><\/li>\n\t<li id=\"menu-item-527\" class=\"menu-item-page-521 menu-item menu-item-type-post_type menu-item-object-page menu-item-527 menu-page-521-parent-481\"><a href=\"https:\/\/kobietynauki.org\/index.php\/o-nas\/wspieraja-nas\/\">Wspieraj\u0105 nas<\/a><\/li>\n\t<li id=\"menu-item-1012\" class=\"menu-item-page-1007 menu-item menu-item-type-post_type menu-item-object-page menu-item-1012 menu-page-1007-parent-481\"><a href=\"https:\/\/kobietynauki.org\/index.php\/o-nas\/polityka-prywatnosci\/\">Polityka prywatno\u015bci<\/a><\/li>\n\t<li id=\"menu-item-551\" class=\"menu-item-page-533 menu-item menu-item-type-post_type menu-item-object-page menu-item-551 menu-page-533-parent-481\"><a href=\"https:\/\/kobietynauki.org\/index.php\/o-nas\/kontakt\/\">Kontakt<\/a><\/li>\n<\/ul>\n<\/li>\n<\/ul><\/div>        <style>\n            .mobile-menu-module[data-module=\"tb_8tgn309\"]{\n                right:-300px            }\n        <\/style>\n    <\/div>\n<!-- \/module menu -->\n        <\/div>\n                        <\/div>\n        <\/div>\n                        <div  data-lazy=\"1\" class=\"module_row themify_builder_row tb_ii8q039 tf_w\">\n                        <div class=\"row_inner col_align_top tb_col_count_1 tf_box tf_rel\">\n                        <div  data-lazy=\"1\" class=\"module_column tb-column col-full tb_aouf803 first\">\n                    <!-- module text -->\n<div  class=\"module module-text tb_5yk1700  repeat \" data-lazy=\"1\">\n        <div  class=\"tb_text_wrap\">\n        <h1>Innowacja jest kobiet\u0105 IV edycja<\/h1>\n<p>Z\u0142oto dla Justyny Wrzosek-Jakubowskiej na <a href=\"http:\/\/naukawpolsce.pap.pl\/aktualnosci\/news,402572,medale-dla-polskich-naukowcow-na-wystawie-w-norymberdze.html\">66. Mi\u0119dzynarodowych Targach \u201ePomys\u0142y, Wynalazki, Nowe Produkty iENA 2014\u201d w Norymberdze<\/a>.<\/p>    <\/div>\n<\/div>\n<!-- \/module text -->        <\/div>\n                        <\/div>\n        <\/div>\n                        <div  data-lazy=\"1\" class=\"module_row themify_builder_row tb_jru3077 tf_w\">\n                        <div class=\"row_inner col_align_top tb_col_count_1 tf_box tf_rel\">\n                        <div  data-lazy=\"1\" class=\"module_column tb-column col-full tb_xjh9398 first\">\n                    <!-- module image -->\n<div  class=\"module module-image tb_ik0x088 image-center   tf_mw\" data-lazy=\"1\">\n        <div class=\"image-wrap tf_rel tf_mw\">\n            <img loading=\"lazy\" decoding=\"async\" width=\"350\" height=\"525\" src=\"https:\/\/kobietynauki.org\/wp-content\/uploads\/2017\/11\/10624590n.jpg\" class=\"wp-post-image wp-image-630\" title=\"10624590n\" alt=\"10624590n\" srcset=\"https:\/\/kobietynauki.org\/wp-content\/uploads\/2017\/11\/10624590n.jpg 350w, https:\/\/kobietynauki.org\/wp-content\/uploads\/2017\/11\/10624590n-200x300.jpg 200w\" sizes=\"auto, (max-width: 350px) 100vw, 350px\" \/>    \n        <\/div>\n    <!-- \/image-wrap -->\n    \n        <\/div>\n<!-- \/module image -->        <\/div>\n                        <\/div>\n        <\/div>\n                        <div  data-lazy=\"1\" class=\"module_row themify_builder_row tb_y86i000 tf_w\">\n                        <div class=\"row_inner col_align_top tb_col_count_1 tf_box tf_rel\">\n                        <div  data-lazy=\"1\" class=\"module_column tb-column col-full tb_9lme300 first\">\n                    <!-- module text -->\n<div  class=\"module module-text tb_uz9u330  repeat \" data-lazy=\"1\">\n        <div  class=\"tb_text_wrap\">\n        <p><a href=\"http:\/\/www.nowodworski.info\/index.php\/component\/content\/article\/353-2014\/1484-innowacja-jest-kobieta\">Rozmowa z Justyn\u0105 Wrzosek-Jakubowsk\u0105, jedn\u0105 z laureatek IV edycji konkursu<\/a><\/p>\n<p><a href=\"http:\/\/lodz.tvp.pl\/16438746\/innowacja-jest-kobieta\">Rozmowa z Emili\u0105 Frydrysiak, jedn\u0105 z laureatek IV edycji konkursu, w TVP \u0141\u00f3d\u017a<\/a><\/p>\n<p><a href=\"http:\/\/www.pi.gov.pl\/PARP\/chapter_86197.asp?soid=7338DF9E4F42440FAF66B3EBB3DD59A9&amp;keepThis=true&amp;TB_iframe=true&amp;height=650&amp;width=850&amp;caption=Portal+Innowacji\">Portal Innowacji<\/a>,\u00a0<a href=\"http:\/\/www.focus.pl\/technika\/bielizna-promedyczna-jak-dziala-wynalazek-z-politechniki-lodzkiej-11605\">Focus<\/a>,\u00a0<a href=\"http:\/\/www.rynekzdrowia.pl\/Badania-i-rozwoj\/Na-Politechnice-Lodzkiej-powstaje-innowacyjna-bielizna-promedyczna,143741,11.html\">Rynek Zdrowia<\/a>,\u00a0<a href=\"http:\/\/wyborcza.pl\/1,91446,16473272,Na_Politechnice_Lodzkiej_powstaje_innowacyjna_bielizna.html\">Wyborcza<\/a>\u00a0i znowu\u00a0<a href=\"http:\/\/wyborcza.pl\/1,75248,16492044,Figi_z_rozgrzewajacymi_wkladkami___pomysl_doktorantki.html\">Wyborcza<\/a>\u00a0o zwyci\u0119skim wynalazku<\/p>\n<p><a href=\"http:\/\/naukawpolsce.pap.pl\/aktualnosci\/news,401476,dwie-laureatki-konkursu-innowacja-jest-kobieta.html\">Nauka w Polsce o wynikach IV edycji konkursu<\/a>\u00a0i o <a href=\"http:\/\/naukawpolsce.pap.pl\/aktualnosci\/news,401518,na-politechnice-lodzkiej-powstaje-innowacyjna-bielizna-promedyczna.html\">rozwi\u0105zaniu jednej z laureatek<\/a><\/p>\n<p>Mimo okresu wakacyjnego frekwencja by\u0142a spora, a proponowane przez uczestniczki czwartej edycji konkursu wynalazki by\u0142y zr\u00f3\u017cnicowane. Jury, ju\u017c tradycyjnie, mia\u0142o trudny orzech do zgryzienia. Operacja si\u0119 jednak powiod\u0142a i mo\u017cemy og\u0142osi\u0107 nazwiska dw\u00f3ch laureatek:<\/p>\n<p>\u00a0<\/p>\n<p style=\"text-align: center;\">\u00a0<span style=\"color: #0000ff;\"><b>mgr Justyna Wrzosek \u2013 Jakubowska<\/b>,<\/span><\/p>\n<p align=\"center\"><span style=\"color: #0000ff;\">asystentka w Zak\u0142adzie Oceny Ryzyka \u015arodowiskowego<\/span><\/p>\n<p align=\"center\"><span style=\"color: #0000ff;\">Instytutu Ochrony \u015arodowiska &#8211; Pa\u0144stwowego Instytutu Badawczego,<\/span><\/p>\n<p align=\"center\"><span style=\"color: #0000ff;\">doktorantka Szko\u0142y G\u0142\u00f3wnej Gospodarstwa Wiejskiego.<\/span><\/p>\n<p align=\"center\">\u00a0<\/p>\n<p>Wynalazek, autorstwa zespo\u0142u z Instytutu Ochrony \u015arodowiska, nosi tytu\u0142 \u201eSpos\u00f3b zapobiegania kumulacji pestycyd\u00f3w w \u015brodowisku\u201d i pozwala na oczyszczenie zanieczyszczonej wody b\u0105d\u017a gleby\u00a0z pestycyd\u00f3w powszechnie stosowanych w obrocie na ca\u0142ym \u015bwiecie.<\/p>\n<p>\u00a0<\/p>\n<p align=\"center\"><span style=\"color: #0000ff;\"><b>mgr Emilia Frydrysiak<\/b>,<\/span><\/p>\n<p align=\"center\"><span style=\"color: #0000ff;\">doktorantka Wydzia\u0142u Biotechnologii i Nauk o \u017bywno\u015bci Politechniki \u0141\u00f3dzkiej.<\/span><\/p>\n<p>\u00a0<\/p>\n<p>Zg\u0142oszony projekt zak\u0142ada stworzenie prototypowej bielizny promedycznej wspomagaj\u0105cej profilaktyk\u0119 i leczenie zapalenia dolnych dr\u00f3g moczowych. Zaproponowane rozwi\u0105zanie \u0142\u0105czy wiedz\u0119 z zakresu m.in. medycyny, mikrobiologii i w\u0142\u00f3kiennictwa. Przewag\u0105 tego rozwi\u0105zania nad tradycyjnymi formami terapii, jest wygoda jego stosowania. G\u0142\u00f3wnymi odbiorcami wynik\u00f3w projektu b\u0119d\u0105 kobiety, ze wzgl\u0119du na (statystycznie) znacznie cz\u0119stsze ni\u017c m\u0119\u017cczy\u017ani, problemy z zapaleniem dolnych dr\u00f3g moczowych.<\/p>\n<p style=\"text-align: center;\"><span style=\"color: #0000ff;\">Zwyci\u0119\u017cczyniom konkursu serdecznie gratulujemy!<\/span><\/p>\n<p align=\"center\"><span style=\"color: #0000ff;\">Wszystkim uczestniczkom dzi\u0119kujemy za zg\u0142oszenia!<\/span><\/p>    <\/div>\n<\/div>\n<!-- \/module text -->        <\/div>\n                        <\/div>\n        <\/div>\n        <\/div>\n<!--\/themify_builder_content-->","protected":false},"excerpt":{"rendered":"<p>Polska Sie\u0107 Kobiet Nauki Polska Sie\u0107 Kobiet Nauki Patronaty Konkursy Innowacja jest kobiet\u0105 XI edycja Innowacja jest kobiet\u0105 X edycja Innowacja jest kobiet\u0105 IX edycja Innowacja jest kobiet\u0105 VIII edycja Innowacja jest kobiet\u0105 VII edycja Innowacja jest kobiet\u0105 VI edycja Innowacja jest kobiet\u0105 V edycja Innowacja jest kobiet\u0105 IV edycja Innowacja jest kobiet\u0105 III edycja [&hellip;]<\/p>\n","protected":false},"author":1,"featured_media":0,"parent":387,"menu_order":0,"comment_status":"closed","ping_status":"closed","template":"","meta":{"footnotes":""},"class_list":["post-628","page","type-page","status-publish","hentry","has-post-title","has-post-date","has-post-category","has-post-tag","has-post-comment","has-post-author",""],"builder_content":"<h2 style=\"text-align: center;\">Polska Sie\u0107 Kobiet Nauki<\/h2>\n<ul id=\"menu-main\"><li id=\"menu-item-44\"><a href=\"https:\/\/kobietynauki.org\/\">Polska Sie\u0107 Kobiet Nauki<\/a><\/li> <li id=\"menu-item-377\"><a href=\"https:\/\/kobietynauki.org\/index.php\/patronaty\/\">Patronaty<\/a><\/li> <li id=\"menu-item-397\"><a href=\"https:\/\/kobietynauki.org\/index.php\/konkursy\/\">Konkursy<\/a> <ul> <li id=\"menu-item-1175\"><a href=\"https:\/\/kobietynauki.org\/index.php\/2019\/08\/letnia-edycja-konkursu-innowacja-jest-kobieta-xi-edycja\/\">Innowacja jest kobiet\u0105 XI edycja<\/a><\/li> <li id=\"menu-item-1153\"><a href=\"https:\/\/kobietynauki.org\/index.php\/2019\/02\/wyniki-x-edycji-konkursu-innowacja-jest-kobieta\/\">Innowacja jest kobiet\u0105 X edycja<\/a><\/li> <li id=\"menu-item-1100\"><a href=\"https:\/\/kobietynauki.org\/index.php\/konkursy\/innowacja-jest-kobieta-ix-edycja\/\">Innowacja jest kobiet\u0105 IX edycja<\/a><\/li> <li id=\"menu-item-1053\"><a href=\"https:\/\/kobietynauki.org\/index.php\/konkursy\/innowacja-jest-kobieta-viii-edycja\/\">Innowacja jest kobiet\u0105 VIII edycja<\/a><\/li> <li id=\"menu-item-903\"><a href=\"https:\/\/kobietynauki.org\/index.php\/konkursy\/innowacja-jest-kobieta-vii-edycja\/\">Innowacja jest kobiet\u0105 VII edycja<\/a><\/li> <li id=\"menu-item-591\"><a href=\"https:\/\/kobietynauki.org\/index.php\/konkursy\/innowacja-jest-kobieta-vi-edycja\/\">Innowacja jest kobiet\u0105 VI edycja<\/a><\/li> <li id=\"menu-item-613\"><a href=\"https:\/\/kobietynauki.org\/index.php\/konkursy\/innowacja-jest-kobieta-v-edycja\/\">Innowacja jest kobiet\u0105 V edycja<\/a><\/li> <li id=\"menu-item-638\"><a href=\"https:\/\/kobietynauki.org\/index.php\/konkursy\/innowacja-jest-kobieta-iv-edycja\/\">Innowacja jest kobiet\u0105 IV edycja<\/a><\/li> <li id=\"menu-item-679\"><a href=\"https:\/\/kobietynauki.org\/index.php\/konkursy\/innowacja-jest-kobieta-iii-edycja\/\">Innowacja jest kobiet\u0105 III edycja<\/a><\/li> <li id=\"menu-item-691\"><a href=\"https:\/\/kobietynauki.org\/index.php\/konkursy\/innowacja-jest-kobieta-ii-edycja\/\">Innowacja jest kobiet\u0105 II edycja<\/a><\/li> <li id=\"menu-item-709\"><a href=\"https:\/\/kobietynauki.org\/index.php\/konkursy\/innowacja-jest-kobieta-i-edycja\/\">Innowacja jest kobiet\u0105 I edycja<\/a><\/li> <\/ul> <\/li> <li id=\"menu-item-419\"><a href=\"https:\/\/kobietynauki.org\/index.php\/nasi-partnerzy\/\">Nasi Partnerzy<\/a><\/li> <li id=\"menu-item-430\"><a href=\"https:\/\/kobietynauki.org\/index.php\/czytelnia\/\">Czytelnia<\/a><\/li> <li id=\"menu-item-470\"><a href=\"https:\/\/kobietynauki.org\/index.php\/kobiety-ekspertki\/\">Kobiety-Ekspertki<\/a><\/li> <li id=\"menu-item-481\"><a href=\"https:\/\/kobietynauki.org\/index.php\/o-nas\/\">O nas<\/a> <ul> <li id=\"menu-item-494\"><a href=\"https:\/\/kobietynauki.org\/index.php\/o-nas\/fundacja\/\">Fundacja<\/a><\/li> <li id=\"menu-item-511\"><a href=\"https:\/\/kobietynauki.org\/index.php\/o-nas\/kim-jestesmy\/\">Kim jeste\u015bmy<\/a><\/li> <li id=\"menu-item-527\"><a href=\"https:\/\/kobietynauki.org\/index.php\/o-nas\/wspieraja-nas\/\">Wspieraj\u0105 nas<\/a><\/li> <li id=\"menu-item-1012\"><a href=\"https:\/\/kobietynauki.org\/index.php\/o-nas\/polityka-prywatnosci\/\">Polityka prywatno\u015bci<\/a><\/li> <li id=\"menu-item-551\"><a href=\"https:\/\/kobietynauki.org\/index.php\/o-nas\/kontakt\/\">Kontakt<\/a><\/li> <\/ul> <\/li> <\/ul>\n<h1>Innowacja jest kobiet\u0105 IV edycja<\/h1> <p>Z\u0142oto dla Justyny Wrzosek-Jakubowskiej na <a href=\"http:\/\/naukawpolsce.pap.pl\/aktualnosci\/news,402572,medale-dla-polskich-naukowcow-na-wystawie-w-norymberdze.html\">66. Mi\u0119dzynarodowych Targach \u201ePomys\u0142y, Wynalazki, Nowe Produkty iENA 2014\u201d w Norymberdze<\/a>.<\/p>\n<img src=\"https:\/\/kobietynauki.org\/wp-content\/uploads\/2017\/11\/10624590n.jpg\" title=\"10624590n\" alt=\"10624590n\" srcset=\"https:\/\/kobietynauki.org\/wp-content\/uploads\/2017\/11\/10624590n.jpg 350w, https:\/\/kobietynauki.org\/wp-content\/uploads\/2017\/11\/10624590n-200x300.jpg 200w\" sizes=\"(max-width: 350px) 100vw, 350px\" \/>\n<p><a href=\"http:\/\/www.nowodworski.info\/index.php\/component\/content\/article\/353-2014\/1484-innowacja-jest-kobieta\">Rozmowa z Justyn\u0105 Wrzosek-Jakubowsk\u0105, jedn\u0105 z laureatek IV edycji konkursu<\/a><\/p> <p><a href=\"http:\/\/lodz.tvp.pl\/16438746\/innowacja-jest-kobieta\">Rozmowa z Emili\u0105 Frydrysiak, jedn\u0105 z laureatek IV edycji konkursu, w TVP \u0141\u00f3d\u017a<\/a><\/p> <p><a href=\"http:\/\/www.pi.gov.pl\/PARP\/chapter_86197.asp?soid=7338DF9E4F42440FAF66B3EBB3DD59A9&amp;keepThis=true&amp;TB_iframe=true&amp;height=650&amp;width=850&amp;caption=Portal+Innowacji\">Portal Innowacji<\/a>,\u00a0<a href=\"http:\/\/www.focus.pl\/technika\/bielizna-promedyczna-jak-dziala-wynalazek-z-politechniki-lodzkiej-11605\">Focus<\/a>,\u00a0<a href=\"http:\/\/www.rynekzdrowia.pl\/Badania-i-rozwoj\/Na-Politechnice-Lodzkiej-powstaje-innowacyjna-bielizna-promedyczna,143741,11.html\">Rynek Zdrowia<\/a>,\u00a0<a href=\"http:\/\/wyborcza.pl\/1,91446,16473272,Na_Politechnice_Lodzkiej_powstaje_innowacyjna_bielizna.html\">Wyborcza<\/a>\u00a0i znowu\u00a0<a href=\"http:\/\/wyborcza.pl\/1,75248,16492044,Figi_z_rozgrzewajacymi_wkladkami___pomysl_doktorantki.html\">Wyborcza<\/a>\u00a0o zwyci\u0119skim wynalazku<\/p> <p><a href=\"http:\/\/naukawpolsce.pap.pl\/aktualnosci\/news,401476,dwie-laureatki-konkursu-innowacja-jest-kobieta.html\">Nauka w Polsce o wynikach IV edycji konkursu<\/a>\u00a0i o <a href=\"http:\/\/naukawpolsce.pap.pl\/aktualnosci\/news,401518,na-politechnice-lodzkiej-powstaje-innowacyjna-bielizna-promedyczna.html\">rozwi\u0105zaniu jednej z laureatek<\/a><\/p> <p>Mimo okresu wakacyjnego frekwencja by\u0142a spora, a proponowane przez uczestniczki czwartej edycji konkursu wynalazki by\u0142y zr\u00f3\u017cnicowane. Jury, ju\u017c tradycyjnie, mia\u0142o trudny orzech do zgryzienia. Operacja si\u0119 jednak powiod\u0142a i mo\u017cemy og\u0142osi\u0107 nazwiska dw\u00f3ch laureatek:<\/p> <p>\u00a0<\/p> <p style=\"text-align: center;\">\u00a0<b>mgr Justyna Wrzosek \u2013 Jakubowska<\/b>,<\/p> <p align=\"center\">asystentka w Zak\u0142adzie Oceny Ryzyka \u015arodowiskowego<\/p> <p align=\"center\">Instytutu Ochrony \u015arodowiska - Pa\u0144stwowego Instytutu Badawczego,<\/p> <p align=\"center\">doktorantka Szko\u0142y G\u0142\u00f3wnej Gospodarstwa Wiejskiego.<\/p> <p align=\"center\">\u00a0<\/p> <p>Wynalazek, autorstwa zespo\u0142u z Instytutu Ochrony \u015arodowiska, nosi tytu\u0142 \u201eSpos\u00f3b zapobiegania kumulacji pestycyd\u00f3w w \u015brodowisku\u201d i pozwala na oczyszczenie zanieczyszczonej wody b\u0105d\u017a gleby\u00a0z pestycyd\u00f3w powszechnie stosowanych w obrocie na ca\u0142ym \u015bwiecie.<\/p> <p>\u00a0<\/p> <p align=\"center\"><b>mgr Emilia Frydrysiak<\/b>,<\/p> <p align=\"center\">doktorantka Wydzia\u0142u Biotechnologii i Nauk o \u017bywno\u015bci Politechniki \u0141\u00f3dzkiej.<\/p> <p>\u00a0<\/p> <p>Zg\u0142oszony projekt zak\u0142ada stworzenie prototypowej bielizny promedycznej wspomagaj\u0105cej profilaktyk\u0119 i leczenie zapalenia dolnych dr\u00f3g moczowych. Zaproponowane rozwi\u0105zanie \u0142\u0105czy wiedz\u0119 z zakresu m.in. medycyny, mikrobiologii i w\u0142\u00f3kiennictwa. Przewag\u0105 tego rozwi\u0105zania nad tradycyjnymi formami terapii, jest wygoda jego stosowania. G\u0142\u00f3wnymi odbiorcami wynik\u00f3w projektu b\u0119d\u0105 kobiety, ze wzgl\u0119du na (statystycznie) znacznie cz\u0119stsze ni\u017c m\u0119\u017cczy\u017ani, problemy z zapaleniem dolnych dr\u00f3g moczowych.<\/p> <p style=\"text-align: center;\">Zwyci\u0119\u017cczyniom konkursu serdecznie gratulujemy!<\/p> <p align=\"center\">Wszystkim uczestniczkom dzi\u0119kujemy za zg\u0142oszenia!<\/p>","_links":{"self":[{"href":"https:\/\/kobietynauki.org\/index.php\/wp-json\/wp\/v2\/pages\/628","targetHints":{"allow":["GET"]}}],"collection":[{"href":"https:\/\/kobietynauki.org\/index.php\/wp-json\/wp\/v2\/pages"}],"about":[{"href":"https:\/\/kobietynauki.org\/index.php\/wp-json\/wp\/v2\/types\/page"}],"author":[{"embeddable":true,"href":"https:\/\/kobietynauki.org\/index.php\/wp-json\/wp\/v2\/users\/1"}],"replies":[{"embeddable":true,"href":"https:\/\/kobietynauki.org\/index.php\/wp-json\/wp\/v2\/comments?post=628"}],"version-history":[{"count":14,"href":"https:\/\/kobietynauki.org\/index.php\/wp-json\/wp\/v2\/pages\/628\/revisions"}],"predecessor-version":[{"id":871,"href":"https:\/\/kobietynauki.org\/index.php\/wp-json\/wp\/v2\/pages\/628\/revisions\/871"}],"up":[{"embeddable":true,"href":"https:\/\/kobietynauki.org\/index.php\/wp-json\/wp\/v2\/pages\/387"}],"wp:attachment":[{"href":"https:\/\/kobietynauki.org\/index.php\/wp-json\/wp\/v2\/media?parent=628"}],"curies":[{"name":"wp","href":"https:\/\/api.w.org\/{rel}","templated":true}]}}