{"id":585,"date":"2017-11-13T17:13:22","date_gmt":"2017-11-13T15:13:22","guid":{"rendered":"https:\/\/kobietynauki.org\/szablon-copy\/"},"modified":"2020-08-02T11:58:32","modified_gmt":"2020-08-02T09:58:32","slug":"innowacja-jest-kobieta-vi-edycja","status":"publish","type":"page","link":"https:\/\/kobietynauki.org\/index.php\/konkursy\/innowacja-jest-kobieta-vi-edycja\/","title":{"rendered":"Innowacja jest kobiet\u0105 VI edycja"},"content":{"rendered":"<!--themify_builder_content-->\n<div id=\"themify_builder_content-585\" data-postid=\"585\" class=\"themify_builder_content themify_builder_content-585 themify_builder tf_clear\">\n                    <div  data-lazy=\"1\" class=\"module_row themify_builder_row tb_l3zi920 tb_first tf_w\">\n                        <div class=\"row_inner col_align_top tb_col_count_1 tf_box tf_rel\">\n                        <div  data-lazy=\"1\" class=\"module_column tb-column col-full tb_mh7r028 first\">\n                    <!-- module text -->\n<div  class=\"module module-text tb_c9tj430  repeat \" data-lazy=\"1\">\n        <div  class=\"tb_text_wrap\">\n        <h2 style=\"text-align: center;\">Polska Sie\u0107 Kobiet Nauki<\/h2>    <\/div>\n<\/div>\n<!-- \/module text -->        <\/div>\n                        <\/div>\n        <\/div>\n                        <div  data-lazy=\"1\" class=\"module_row themify_builder_row tb_4u80933 tf_w\">\n                        <div class=\"row_inner col_align_top tb_col_count_1 tf_box tf_rel\">\n                        <div  data-lazy=\"1\" class=\"module_column tb-column col-full tb_5icl903 first\">\n                    <!-- module menu -->\n<div  class=\"module module-menu tb_hg9u303  mobile-menu-slide\" data-menu-style=\"mobile-menu-slide\" data-menu-breakpoint=\"0\" data-element-id=\"tb_hg9u303\" data-lazy=\"1\">\n        \n    <div class=\"module-menu-container\"><ul id=\"menu-main\" class=\"ui tf_clearfix nav tf_rel tf_scrollbar menu-bar tb_default_color gradient\"><li id=\"menu-item-44\" class=\"menu-item-page-2 menu-item menu-item-type-post_type menu-item-object-page menu-item-home menu-item-44\"><a href=\"https:\/\/kobietynauki.org\/\">Polska Sie\u0107 Kobiet Nauki<\/a><\/li>\n<li id=\"menu-item-377\" class=\"menu-item-page-370 menu-item menu-item-type-post_type menu-item-object-page menu-item-377\"><a href=\"https:\/\/kobietynauki.org\/index.php\/patronaty\/\">Patronaty<\/a><\/li>\n<li id=\"menu-item-397\" class=\"menu-item-page-387 menu-item menu-item-type-post_type menu-item-object-page menu-item-has-children menu-item-397\"><a href=\"https:\/\/kobietynauki.org\/index.php\/konkursy\/\">Konkursy<span class=\"child-arrow closed\" tabindex=\"-1\"><\/span><\/a>\n<ul class=\"sub-menu\">\n\t<li id=\"menu-item-1175\" class=\"menu-item-post-1156 menu-item menu-item-type-post_type menu-item-object-post menu-item-1175 menu-post-1156-parent-397\"><a href=\"https:\/\/kobietynauki.org\/index.php\/2019\/08\/letnia-edycja-konkursu-innowacja-jest-kobieta-xi-edycja\/\">Innowacja jest kobiet\u0105 XI edycja<\/a><\/li>\n\t<li id=\"menu-item-1153\" class=\"menu-item-post-1147 menu-item menu-item-type-post_type menu-item-object-post menu-item-1153 menu-post-1147-parent-397\"><a href=\"https:\/\/kobietynauki.org\/index.php\/2019\/02\/wyniki-x-edycji-konkursu-innowacja-jest-kobieta\/\">Innowacja jest kobiet\u0105 X edycja<\/a><\/li>\n\t<li id=\"menu-item-1100\" class=\"menu-item-page-1093 menu-item menu-item-type-post_type menu-item-object-page menu-item-1100 menu-page-1093-parent-397\"><a href=\"https:\/\/kobietynauki.org\/index.php\/konkursy\/innowacja-jest-kobieta-ix-edycja\/\">Innowacja jest kobiet\u0105 IX edycja<\/a><\/li>\n\t<li id=\"menu-item-1053\" class=\"menu-item-page-1047 menu-item menu-item-type-post_type menu-item-object-page menu-item-1053 menu-page-1047-parent-397\"><a href=\"https:\/\/kobietynauki.org\/index.php\/konkursy\/innowacja-jest-kobieta-viii-edycja\/\">Innowacja jest kobiet\u0105 VIII edycja<\/a><\/li>\n\t<li id=\"menu-item-903\" class=\"menu-item-page-899 menu-item menu-item-type-post_type menu-item-object-page menu-item-903 menu-page-899-parent-397\"><a href=\"https:\/\/kobietynauki.org\/index.php\/konkursy\/innowacja-jest-kobieta-vii-edycja\/\">Innowacja jest kobiet\u0105 VII edycja<\/a><\/li>\n\t<li id=\"menu-item-591\" class=\"menu-item-page-585 menu-item menu-item-type-post_type menu-item-object-page menu-item-591 menu-page-585-parent-397\"><a href=\"https:\/\/kobietynauki.org\/index.php\/konkursy\/innowacja-jest-kobieta-vi-edycja\/\">Innowacja jest kobiet\u0105 VI edycja<\/a><\/li>\n\t<li id=\"menu-item-613\" class=\"menu-item-page-605 menu-item menu-item-type-post_type menu-item-object-page menu-item-613 menu-page-605-parent-397\"><a href=\"https:\/\/kobietynauki.org\/index.php\/konkursy\/innowacja-jest-kobieta-v-edycja\/\">Innowacja jest kobiet\u0105 V edycja<\/a><\/li>\n\t<li id=\"menu-item-638\" class=\"menu-item-page-628 menu-item menu-item-type-post_type menu-item-object-page menu-item-638 menu-page-628-parent-397\"><a href=\"https:\/\/kobietynauki.org\/index.php\/konkursy\/innowacja-jest-kobieta-iv-edycja\/\">Innowacja jest kobiet\u0105 IV edycja<\/a><\/li>\n\t<li id=\"menu-item-679\" class=\"menu-item-page-671 menu-item menu-item-type-post_type menu-item-object-page menu-item-679 menu-page-671-parent-397\"><a href=\"https:\/\/kobietynauki.org\/index.php\/konkursy\/innowacja-jest-kobieta-iii-edycja\/\">Innowacja jest kobiet\u0105 III edycja<\/a><\/li>\n\t<li id=\"menu-item-691\" class=\"menu-item-page-684 menu-item menu-item-type-post_type menu-item-object-page menu-item-691 menu-page-684-parent-397\"><a href=\"https:\/\/kobietynauki.org\/index.php\/konkursy\/innowacja-jest-kobieta-ii-edycja\/\">Innowacja jest kobiet\u0105 II edycja<\/a><\/li>\n\t<li id=\"menu-item-709\" class=\"menu-item-page-699 menu-item menu-item-type-post_type menu-item-object-page menu-item-709 menu-page-699-parent-397\"><a href=\"https:\/\/kobietynauki.org\/index.php\/konkursy\/innowacja-jest-kobieta-i-edycja\/\">Innowacja jest kobiet\u0105 I edycja<\/a><\/li>\n<\/ul>\n<\/li>\n<li id=\"menu-item-419\" class=\"menu-item-page-409 menu-item menu-item-type-post_type menu-item-object-page menu-item-419\"><a href=\"https:\/\/kobietynauki.org\/index.php\/nasi-partnerzy\/\">Nasi Partnerzy<\/a><\/li>\n<li id=\"menu-item-430\" class=\"menu-item-page-421 menu-item menu-item-type-post_type menu-item-object-page menu-item-430\"><a href=\"https:\/\/kobietynauki.org\/index.php\/czytelnia\/\">Czytelnia<\/a><\/li>\n<li id=\"menu-item-470\" class=\"menu-item-page-455 menu-item menu-item-type-post_type menu-item-object-page menu-item-470\"><a href=\"https:\/\/kobietynauki.org\/index.php\/kobiety-ekspertki\/\">Kobiety-Ekspertki<\/a><\/li>\n<li id=\"menu-item-481\" class=\"menu-item-page-472 menu-item menu-item-type-post_type menu-item-object-page menu-item-has-children menu-item-481\"><a href=\"https:\/\/kobietynauki.org\/index.php\/o-nas\/\">O nas<span class=\"child-arrow closed\" tabindex=\"-1\"><\/span><\/a>\n<ul class=\"sub-menu\">\n\t<li id=\"menu-item-494\" class=\"menu-item-page-483 menu-item menu-item-type-post_type menu-item-object-page menu-item-494 menu-page-483-parent-481\"><a href=\"https:\/\/kobietynauki.org\/index.php\/o-nas\/fundacja\/\">Fundacja<\/a><\/li>\n\t<li id=\"menu-item-511\" class=\"menu-item-page-498 menu-item menu-item-type-post_type menu-item-object-page menu-item-511 menu-page-498-parent-481\"><a href=\"https:\/\/kobietynauki.org\/index.php\/o-nas\/kim-jestesmy\/\">Kim jeste\u015bmy<\/a><\/li>\n\t<li id=\"menu-item-527\" class=\"menu-item-page-521 menu-item menu-item-type-post_type menu-item-object-page menu-item-527 menu-page-521-parent-481\"><a href=\"https:\/\/kobietynauki.org\/index.php\/o-nas\/wspieraja-nas\/\">Wspieraj\u0105 nas<\/a><\/li>\n\t<li id=\"menu-item-1012\" class=\"menu-item-page-1007 menu-item menu-item-type-post_type menu-item-object-page menu-item-1012 menu-page-1007-parent-481\"><a href=\"https:\/\/kobietynauki.org\/index.php\/o-nas\/polityka-prywatnosci\/\">Polityka prywatno\u015bci<\/a><\/li>\n\t<li id=\"menu-item-551\" class=\"menu-item-page-533 menu-item menu-item-type-post_type menu-item-object-page menu-item-551 menu-page-533-parent-481\"><a href=\"https:\/\/kobietynauki.org\/index.php\/o-nas\/kontakt\/\">Kontakt<\/a><\/li>\n<\/ul>\n<\/li>\n<\/ul><\/div>        <style>\n            .mobile-menu-module[data-module=\"tb_hg9u303\"]{\n                right:-300px            }\n        <\/style>\n    <\/div>\n<!-- \/module menu -->\n        <\/div>\n                        <\/div>\n        <\/div>\n                        <div  data-lazy=\"1\" class=\"module_row themify_builder_row tb_tge5109 tf_w\">\n                        <div class=\"row_inner col_align_top tb_col_count_1 tf_box tf_rel\">\n                        <div  data-lazy=\"1\" class=\"module_column tb-column col-full tb_8bdc494 first\">\n                    <!-- module text -->\n<div  class=\"module module-text tb_pyu3499  repeat \" data-lazy=\"1\">\n        <div  class=\"tb_text_wrap\">\n        <h1>Innowacja jest kobiet\u0105 VI edycja<\/h1>\n<div><b>Fundacja Kobiety Nauki zaprasza po raz sz\u00f3sty badaczki \u2013\u00a0wynalazczynie do udzia\u0142u w konkursie, kt\u00f3rego celem jest wy\u0142onienie\u00a0innowacyjnego autorskiego (lub wsp\u00f3\u0142autorskiego) rozwi\u0105zania\u00a0technologicznego lub koncepcji wdro\u017cenia ju\u017c opracowanego\u00a0rozwi\u0105zania.<\/b><\/div>\n<div><b>\u00a0<\/b><\/div>\n<div><b>W tej edycji przyznane zostan\u0105 dwie nagrody.\u00a0Zwyci\u0119skie wynalazki b\u0119d\u0105 prezentowane podczas\u00a0Mi\u0119dzynarodowych Targ\u00f3w\u00a0Pomys\u0142y, Wynalazki, Nowe Produkty iENA 2016 w Norymberdze.<\/b><\/div>\n<div>\u00a0<\/div>\n<div>\u00a0<\/div>\n<div><b>Informacje o konkursie m.in. w\u00a0<a href=\"https:\/\/forumakademickie.pl\/aktualnosci\/2016\/3\/30\/3466\/innowacja-jest-kobieta-konkurs-dla-badaczek\/#\" target=\"_blank\" rel=\"noopener\">Forum Akademickim<\/a>,\u00a0<a href=\"http:\/\/naukawpolsce.pap.pl\/aktualnosci\/news,408933,innowacja-jest-kobieta---konkurs-dla-badaczek.html\" target=\"_blank\" rel=\"noopener\">Nauka w Polsce<\/a><\/b><\/div>\n<div>\u00a0<\/div>\n<div><strong>Dokumenty konkursowe:<\/strong><\/div>\n<div><a href=\"http:\/\/docs.google.com\/viewer?a=v&amp;pid=sites&amp;srcid=ZGVmYXVsdGRvbWFpbnxrb2JpZXR5bmF1a3xneDoyNjIyM2EyOTVmMDQxMzEy\">Innowacja jest kobiet\u0105 VI edycja<\/a><\/div>\n<div><a href=\"http:\/\/docs.google.com\/viewer?a=v&amp;pid=sites&amp;srcid=ZGVmYXVsdGRvbWFpbnxrb2JpZXR5bmF1a3xneDo1M2RlYjYzYTAxZjM2NGNj\">Regulamin VI edycji<\/a><\/div>    <\/div>\n<\/div>\n<!-- \/module text -->        <\/div>\n                        <\/div>\n        <\/div>\n        <\/div>\n<!--\/themify_builder_content-->","protected":false},"excerpt":{"rendered":"<p>Polska Sie\u0107 Kobiet Nauki Polska Sie\u0107 Kobiet Nauki Patronaty Konkursy Innowacja jest kobiet\u0105 XI edycja Innowacja jest kobiet\u0105 X edycja Innowacja jest kobiet\u0105 IX edycja Innowacja jest kobiet\u0105 VIII edycja Innowacja jest kobiet\u0105 VII edycja Innowacja jest kobiet\u0105 VI edycja Innowacja jest kobiet\u0105 V edycja Innowacja jest kobiet\u0105 IV edycja Innowacja jest kobiet\u0105 III edycja [&hellip;]<\/p>\n","protected":false},"author":1,"featured_media":0,"parent":387,"menu_order":0,"comment_status":"closed","ping_status":"closed","template":"","meta":{"footnotes":""},"class_list":["post-585","page","type-page","status-publish","hentry","has-post-title","has-post-date","has-post-category","has-post-tag","has-post-comment","has-post-author",""],"builder_content":"<h2 style=\"text-align: center;\">Polska Sie\u0107 Kobiet Nauki<\/h2>\n<ul id=\"menu-main\"><li id=\"menu-item-44\"><a href=\"https:\/\/kobietynauki.org\/\">Polska Sie\u0107 Kobiet Nauki<\/a><\/li> <li id=\"menu-item-377\"><a href=\"https:\/\/kobietynauki.org\/index.php\/patronaty\/\">Patronaty<\/a><\/li> <li id=\"menu-item-397\"><a href=\"https:\/\/kobietynauki.org\/index.php\/konkursy\/\">Konkursy<\/a> <ul> <li id=\"menu-item-1175\"><a href=\"https:\/\/kobietynauki.org\/index.php\/2019\/08\/letnia-edycja-konkursu-innowacja-jest-kobieta-xi-edycja\/\">Innowacja jest kobiet\u0105 XI edycja<\/a><\/li> <li id=\"menu-item-1153\"><a href=\"https:\/\/kobietynauki.org\/index.php\/2019\/02\/wyniki-x-edycji-konkursu-innowacja-jest-kobieta\/\">Innowacja jest kobiet\u0105 X edycja<\/a><\/li> <li id=\"menu-item-1100\"><a href=\"https:\/\/kobietynauki.org\/index.php\/konkursy\/innowacja-jest-kobieta-ix-edycja\/\">Innowacja jest kobiet\u0105 IX edycja<\/a><\/li> <li id=\"menu-item-1053\"><a href=\"https:\/\/kobietynauki.org\/index.php\/konkursy\/innowacja-jest-kobieta-viii-edycja\/\">Innowacja jest kobiet\u0105 VIII edycja<\/a><\/li> <li id=\"menu-item-903\"><a href=\"https:\/\/kobietynauki.org\/index.php\/konkursy\/innowacja-jest-kobieta-vii-edycja\/\">Innowacja jest kobiet\u0105 VII edycja<\/a><\/li> <li id=\"menu-item-591\"><a href=\"https:\/\/kobietynauki.org\/index.php\/konkursy\/innowacja-jest-kobieta-vi-edycja\/\">Innowacja jest kobiet\u0105 VI edycja<\/a><\/li> <li id=\"menu-item-613\"><a href=\"https:\/\/kobietynauki.org\/index.php\/konkursy\/innowacja-jest-kobieta-v-edycja\/\">Innowacja jest kobiet\u0105 V edycja<\/a><\/li> <li id=\"menu-item-638\"><a href=\"https:\/\/kobietynauki.org\/index.php\/konkursy\/innowacja-jest-kobieta-iv-edycja\/\">Innowacja jest kobiet\u0105 IV edycja<\/a><\/li> <li id=\"menu-item-679\"><a href=\"https:\/\/kobietynauki.org\/index.php\/konkursy\/innowacja-jest-kobieta-iii-edycja\/\">Innowacja jest kobiet\u0105 III edycja<\/a><\/li> <li id=\"menu-item-691\"><a href=\"https:\/\/kobietynauki.org\/index.php\/konkursy\/innowacja-jest-kobieta-ii-edycja\/\">Innowacja jest kobiet\u0105 II edycja<\/a><\/li> <li id=\"menu-item-709\"><a href=\"https:\/\/kobietynauki.org\/index.php\/konkursy\/innowacja-jest-kobieta-i-edycja\/\">Innowacja jest kobiet\u0105 I edycja<\/a><\/li> <\/ul> <\/li> <li id=\"menu-item-419\"><a href=\"https:\/\/kobietynauki.org\/index.php\/nasi-partnerzy\/\">Nasi Partnerzy<\/a><\/li> <li id=\"menu-item-430\"><a href=\"https:\/\/kobietynauki.org\/index.php\/czytelnia\/\">Czytelnia<\/a><\/li> <li id=\"menu-item-470\"><a href=\"https:\/\/kobietynauki.org\/index.php\/kobiety-ekspertki\/\">Kobiety-Ekspertki<\/a><\/li> <li id=\"menu-item-481\"><a href=\"https:\/\/kobietynauki.org\/index.php\/o-nas\/\">O nas<\/a> <ul> <li id=\"menu-item-494\"><a href=\"https:\/\/kobietynauki.org\/index.php\/o-nas\/fundacja\/\">Fundacja<\/a><\/li> <li id=\"menu-item-511\"><a href=\"https:\/\/kobietynauki.org\/index.php\/o-nas\/kim-jestesmy\/\">Kim jeste\u015bmy<\/a><\/li> <li id=\"menu-item-527\"><a href=\"https:\/\/kobietynauki.org\/index.php\/o-nas\/wspieraja-nas\/\">Wspieraj\u0105 nas<\/a><\/li> <li id=\"menu-item-1012\"><a href=\"https:\/\/kobietynauki.org\/index.php\/o-nas\/polityka-prywatnosci\/\">Polityka prywatno\u015bci<\/a><\/li> <li id=\"menu-item-551\"><a href=\"https:\/\/kobietynauki.org\/index.php\/o-nas\/kontakt\/\">Kontakt<\/a><\/li> <\/ul> <\/li> <\/ul>\n<h1>Innowacja jest kobiet\u0105 VI edycja<\/h1> <b>Fundacja Kobiety Nauki zaprasza po raz sz\u00f3sty badaczki \u2013\u00a0wynalazczynie do udzia\u0142u w konkursie, kt\u00f3rego celem jest wy\u0142onienie\u00a0innowacyjnego autorskiego (lub wsp\u00f3\u0142autorskiego) rozwi\u0105zania\u00a0technologicznego lub koncepcji wdro\u017cenia ju\u017c opracowanego\u00a0rozwi\u0105zania.<\/b> <b>\u00a0<\/b> <b>W tej edycji przyznane zostan\u0105 dwie nagrody.\u00a0Zwyci\u0119skie wynalazki b\u0119d\u0105 prezentowane podczas\u00a0Mi\u0119dzynarodowych Targ\u00f3w\u00a0Pomys\u0142y, Wynalazki, Nowe Produkty iENA 2016 w Norymberdze.<\/b> \u00a0 \u00a0 <b>Informacje o konkursie m.in. w\u00a0<a href=\"https:\/\/forumakademickie.pl\/aktualnosci\/2016\/3\/30\/3466\/innowacja-jest-kobieta-konkurs-dla-badaczek\/#\" target=\"_blank\" rel=\"noopener\">Forum Akademickim<\/a>,\u00a0<a href=\"http:\/\/naukawpolsce.pap.pl\/aktualnosci\/news,408933,innowacja-jest-kobieta---konkurs-dla-badaczek.html\" target=\"_blank\" rel=\"noopener\">Nauka w Polsce<\/a><\/b> \u00a0 <strong>Dokumenty konkursowe:<\/strong> <a href=\"http:\/\/docs.google.com\/viewer?a=v&amp;pid=sites&amp;srcid=ZGVmYXVsdGRvbWFpbnxrb2JpZXR5bmF1a3xneDoyNjIyM2EyOTVmMDQxMzEy\">Innowacja jest kobiet\u0105 VI edycja<\/a> <a href=\"http:\/\/docs.google.com\/viewer?a=v&amp;pid=sites&amp;srcid=ZGVmYXVsdGRvbWFpbnxrb2JpZXR5bmF1a3xneDo1M2RlYjYzYTAxZjM2NGNj\">Regulamin VI edycji<\/a>","_links":{"self":[{"href":"https:\/\/kobietynauki.org\/index.php\/wp-json\/wp\/v2\/pages\/585","targetHints":{"allow":["GET"]}}],"collection":[{"href":"https:\/\/kobietynauki.org\/index.php\/wp-json\/wp\/v2\/pages"}],"about":[{"href":"https:\/\/kobietynauki.org\/index.php\/wp-json\/wp\/v2\/types\/page"}],"author":[{"embeddable":true,"href":"https:\/\/kobietynauki.org\/index.php\/wp-json\/wp\/v2\/users\/1"}],"replies":[{"embeddable":true,"href":"https:\/\/kobietynauki.org\/index.php\/wp-json\/wp\/v2\/comments?post=585"}],"version-history":[{"count":22,"href":"https:\/\/kobietynauki.org\/index.php\/wp-json\/wp\/v2\/pages\/585\/revisions"}],"predecessor-version":[{"id":873,"href":"https:\/\/kobietynauki.org\/index.php\/wp-json\/wp\/v2\/pages\/585\/revisions\/873"}],"up":[{"embeddable":true,"href":"https:\/\/kobietynauki.org\/index.php\/wp-json\/wp\/v2\/pages\/387"}],"wp:attachment":[{"href":"https:\/\/kobietynauki.org\/index.php\/wp-json\/wp\/v2\/media?parent=585"}],"curies":[{"name":"wp","href":"https:\/\/api.w.org\/{rel}","templated":true}]}}