{"id":472,"date":"2017-11-13T01:42:16","date_gmt":"2017-11-12T23:42:16","guid":{"rendered":"https:\/\/kobietynauki.org\/szablon-copy\/"},"modified":"2020-08-02T12:22:34","modified_gmt":"2020-08-02T10:22:34","slug":"o-nas","status":"publish","type":"page","link":"https:\/\/kobietynauki.org\/index.php\/o-nas\/","title":{"rendered":"O nas"},"content":{"rendered":"<!--themify_builder_content-->\n<div id=\"themify_builder_content-472\" data-postid=\"472\" class=\"themify_builder_content themify_builder_content-472 themify_builder tf_clear\">\n                    <div  data-lazy=\"1\" class=\"module_row themify_builder_row tb_wu0i000 tb_first tf_w\">\n                        <div class=\"row_inner col_align_top tb_col_count_1 tf_box tf_rel\">\n                        <div  data-lazy=\"1\" class=\"module_column tb-column col-full tb_r2q8072 first\">\n                    <!-- module text -->\n<div  class=\"module module-text tb_htwn000  repeat \" data-lazy=\"1\">\n        <div  class=\"tb_text_wrap\">\n        <h2 style=\"text-align: center;\">Polska Sie\u0107 Kobiet Nauki<\/h2>    <\/div>\n<\/div>\n<!-- \/module text -->        <\/div>\n                        <\/div>\n        <\/div>\n                        <div  data-lazy=\"1\" class=\"module_row themify_builder_row tb_yozk550 tf_w\">\n                        <div class=\"row_inner col_align_top tb_col_count_1 tf_box tf_rel\">\n                        <div  data-lazy=\"1\" class=\"module_column tb-column col-full tb_5d50330 first\">\n                    <!-- module menu -->\n<div  class=\"module module-menu tb_vxy6522  mobile-menu-slide\" data-menu-style=\"mobile-menu-slide\" data-menu-breakpoint=\"0\" data-element-id=\"tb_vxy6522\" data-lazy=\"1\">\n        \n    <div class=\"module-menu-container\"><ul id=\"menu-main\" class=\"ui tf_clearfix nav tf_rel tf_scrollbar menu-bar tb_default_color gradient\"><li id=\"menu-item-44\" class=\"menu-item-page-2 menu-item menu-item-type-post_type menu-item-object-page menu-item-home menu-item-44\"><a href=\"https:\/\/kobietynauki.org\/\">Polska Sie\u0107 Kobiet Nauki<\/a><\/li>\n<li id=\"menu-item-377\" class=\"menu-item-page-370 menu-item menu-item-type-post_type menu-item-object-page menu-item-377\"><a href=\"https:\/\/kobietynauki.org\/index.php\/patronaty\/\">Patronaty<\/a><\/li>\n<li id=\"menu-item-397\" class=\"menu-item-page-387 menu-item menu-item-type-post_type menu-item-object-page current-page-ancestor current-menu-ancestor current-menu-parent current-page-parent current_page_parent current_page_ancestor menu-item-has-children menu-item-397\"><a href=\"https:\/\/kobietynauki.org\/index.php\/konkursy\/\">Konkursy<span class=\"child-arrow closed\" tabindex=\"-1\"><\/span><\/a>\n<ul class=\"sub-menu\">\n\t<li id=\"menu-item-1175\" class=\"menu-item-post-1156 menu-item menu-item-type-post_type menu-item-object-post menu-item-1175 menu-post-1156-parent-397\"><a href=\"https:\/\/kobietynauki.org\/index.php\/2019\/08\/letnia-edycja-konkursu-innowacja-jest-kobieta-xi-edycja\/\">Innowacja jest kobiet\u0105 XI edycja<\/a><\/li>\n\t<li id=\"menu-item-1153\" class=\"menu-item-post-1147 menu-item menu-item-type-post_type menu-item-object-post menu-item-1153 menu-post-1147-parent-397\"><a href=\"https:\/\/kobietynauki.org\/index.php\/2019\/02\/wyniki-x-edycji-konkursu-innowacja-jest-kobieta\/\">Innowacja jest kobiet\u0105 X edycja<\/a><\/li>\n\t<li id=\"menu-item-1100\" class=\"menu-item-page-1093 menu-item menu-item-type-post_type menu-item-object-page menu-item-1100 menu-page-1093-parent-397\"><a href=\"https:\/\/kobietynauki.org\/index.php\/konkursy\/innowacja-jest-kobieta-ix-edycja\/\">Innowacja jest kobiet\u0105 IX edycja<\/a><\/li>\n\t<li id=\"menu-item-1053\" class=\"menu-item-page-1047 menu-item menu-item-type-post_type menu-item-object-page menu-item-1053 menu-page-1047-parent-397\"><a href=\"https:\/\/kobietynauki.org\/index.php\/konkursy\/innowacja-jest-kobieta-viii-edycja\/\">Innowacja jest kobiet\u0105 VIII edycja<\/a><\/li>\n\t<li id=\"menu-item-903\" class=\"menu-item-page-899 menu-item menu-item-type-post_type menu-item-object-page menu-item-903 menu-page-899-parent-397\"><a href=\"https:\/\/kobietynauki.org\/index.php\/konkursy\/innowacja-jest-kobieta-vii-edycja\/\">Innowacja jest kobiet\u0105 VII edycja<\/a><\/li>\n\t<li id=\"menu-item-591\" class=\"menu-item-page-585 menu-item menu-item-type-post_type menu-item-object-page menu-item-591 menu-page-585-parent-397\"><a href=\"https:\/\/kobietynauki.org\/index.php\/konkursy\/innowacja-jest-kobieta-vi-edycja\/\">Innowacja jest kobiet\u0105 VI edycja<\/a><\/li>\n\t<li id=\"menu-item-613\" class=\"menu-item-page-605 menu-item menu-item-type-post_type menu-item-object-page menu-item-613 menu-page-605-parent-397\"><a href=\"https:\/\/kobietynauki.org\/index.php\/konkursy\/innowacja-jest-kobieta-v-edycja\/\">Innowacja jest kobiet\u0105 V edycja<\/a><\/li>\n\t<li id=\"menu-item-638\" class=\"menu-item-page-628 menu-item menu-item-type-post_type menu-item-object-page menu-item-638 menu-page-628-parent-397\"><a href=\"https:\/\/kobietynauki.org\/index.php\/konkursy\/innowacja-jest-kobieta-iv-edycja\/\">Innowacja jest kobiet\u0105 IV edycja<\/a><\/li>\n\t<li id=\"menu-item-679\" class=\"menu-item-page-671 menu-item menu-item-type-post_type menu-item-object-page menu-item-679 menu-page-671-parent-397\"><a href=\"https:\/\/kobietynauki.org\/index.php\/konkursy\/innowacja-jest-kobieta-iii-edycja\/\">Innowacja jest kobiet\u0105 III edycja<\/a><\/li>\n\t<li id=\"menu-item-691\" class=\"menu-item-page-684 menu-item menu-item-type-post_type menu-item-object-page current-menu-item page_item page-item-684 current_page_item menu-item-691 menu-page-684-parent-397\"><a href=\"https:\/\/kobietynauki.org\/index.php\/konkursy\/innowacja-jest-kobieta-ii-edycja\/\" aria-current=\"page\">Innowacja jest kobiet\u0105 II edycja<\/a><\/li>\n\t<li id=\"menu-item-709\" class=\"menu-item-page-699 menu-item menu-item-type-post_type menu-item-object-page menu-item-709 menu-page-699-parent-397\"><a href=\"https:\/\/kobietynauki.org\/index.php\/konkursy\/innowacja-jest-kobieta-i-edycja\/\">Innowacja jest kobiet\u0105 I edycja<\/a><\/li>\n<\/ul>\n<\/li>\n<li id=\"menu-item-419\" class=\"menu-item-page-409 menu-item menu-item-type-post_type menu-item-object-page menu-item-419\"><a href=\"https:\/\/kobietynauki.org\/index.php\/nasi-partnerzy\/\">Nasi Partnerzy<\/a><\/li>\n<li id=\"menu-item-430\" class=\"menu-item-page-421 menu-item menu-item-type-post_type menu-item-object-page menu-item-430\"><a href=\"https:\/\/kobietynauki.org\/index.php\/czytelnia\/\">Czytelnia<\/a><\/li>\n<li id=\"menu-item-470\" class=\"menu-item-page-455 menu-item menu-item-type-post_type menu-item-object-page menu-item-470\"><a href=\"https:\/\/kobietynauki.org\/index.php\/kobiety-ekspertki\/\">Kobiety-Ekspertki<\/a><\/li>\n<li id=\"menu-item-481\" class=\"menu-item-page-472 menu-item menu-item-type-post_type menu-item-object-page menu-item-has-children menu-item-481\"><a href=\"https:\/\/kobietynauki.org\/index.php\/o-nas\/\">O nas<span class=\"child-arrow closed\" tabindex=\"-1\"><\/span><\/a>\n<ul class=\"sub-menu\">\n\t<li id=\"menu-item-494\" class=\"menu-item-page-483 menu-item menu-item-type-post_type menu-item-object-page menu-item-494 menu-page-483-parent-481\"><a href=\"https:\/\/kobietynauki.org\/index.php\/o-nas\/fundacja\/\">Fundacja<\/a><\/li>\n\t<li id=\"menu-item-511\" class=\"menu-item-page-498 menu-item menu-item-type-post_type menu-item-object-page menu-item-511 menu-page-498-parent-481\"><a href=\"https:\/\/kobietynauki.org\/index.php\/o-nas\/kim-jestesmy\/\">Kim jeste\u015bmy<\/a><\/li>\n\t<li id=\"menu-item-527\" class=\"menu-item-page-521 menu-item menu-item-type-post_type menu-item-object-page menu-item-527 menu-page-521-parent-481\"><a href=\"https:\/\/kobietynauki.org\/index.php\/o-nas\/wspieraja-nas\/\">Wspieraj\u0105 nas<\/a><\/li>\n\t<li id=\"menu-item-1012\" class=\"menu-item-page-1007 menu-item menu-item-type-post_type menu-item-object-page menu-item-1012 menu-page-1007-parent-481\"><a href=\"https:\/\/kobietynauki.org\/index.php\/o-nas\/polityka-prywatnosci\/\">Polityka prywatno\u015bci<\/a><\/li>\n\t<li id=\"menu-item-551\" class=\"menu-item-page-533 menu-item menu-item-type-post_type menu-item-object-page menu-item-551 menu-page-533-parent-481\"><a href=\"https:\/\/kobietynauki.org\/index.php\/o-nas\/kontakt\/\">Kontakt<\/a><\/li>\n<\/ul>\n<\/li>\n<\/ul><\/div>        <style>\n            .mobile-menu-module[data-module=\"tb_vxy6522\"]{\n                right:-300px            }\n        <\/style>\n    <\/div>\n<!-- \/module menu -->\n        <\/div>\n                        <\/div>\n        <\/div>\n                        <div  data-lazy=\"1\" class=\"module_row themify_builder_row tb_yab8025 tf_w\">\n                        <div class=\"row_inner col_align_top tb_col_count_1 tf_box tf_rel\">\n                        <div  data-lazy=\"1\" class=\"module_column tb-column col-full tb_6y1c205 first\">\n                    <!-- module text -->\n<div  class=\"module module-text tb_d3ca800  repeat \" data-lazy=\"1\">\n        <div  class=\"tb_text_wrap\">\n        <h1>O nas<\/h1>\n<p>Sytuacja badaczek nie jest \u0142atwa. Statystyki wyra\u017anie pokazuj\u0105, \u017ce istnieje wyra\u017ana dysproporcja w udziale procentowym kobiet z wy\u017cszym tytu\u0142em naukowym (\u015br\u00f3d os\u00f3b z doktoratem kobiety stanowi\u0105 oko\u0142o po\u0142owy, ale ju\u017c stopie\u0144 doktora habilitowanego posiada 26%, a poziom profesury tytularnej osi\u0105ga 17% z nich), a jeszcze mniejszej liczbie kobiet udaje si\u0119 obj\u0105\u0107 stanowiska kierownicze w akademickich plac\u00f3wkach naukowych (w przypadku gremi\u00f3w decyzyjnych w polskiej nauce reprezentacja kobiet kszta\u0142tuje si\u0119 w granicach 7%).<\/p>\n<p>Kole\u017canki \u2013 Kobiety Nauki musimy zacz\u0105\u0107 si\u0119 jednoczy\u0107, wspiera\u0107. Obecnie w spo\u0142ecze\u0144stwie sieciowym mo\u017cemy zorganizowa\u0107 si\u0119 w zupe\u0142nie nowy spos\u00f3b. Nie narzekajmy na \u201eszklane sufity\u201d czy \u201elepkie pod\u0142ogi\u201d, a zacznijmy dzia\u0142a\u0107! W my\u015bl zasady: prawdziwa decyzja jest mierzona poprzez fakt podj\u0119cia nowego dzia\u0142ania. Je\u015bli nie ma dzia\u0142ania \u2013 tak naprawd\u0119 nie podj\u0105\u0142e\u015b decyzji (Anthony Robbins).<\/p>\n<p>Potrzeba czasu na rozw\u00f3j naszej dzia\u0142alno\u015bci. B\u0119dziemy stara\u0107 si\u0119 o granty i dotacje, kt\u00f3re pozwol\u0105 nam stworzy\u0107 mechanizmy pomocowe dla r\u00f3\u017cnego rodzaju interesariuszek, m.in. akademiczek b\u0119d\u0105cych na urlopach rodzicielskich, czy powracaj\u0105cych po urlopach wychowawczych; planujemy stworzy\u0107 e-wydawnictwo naukowe oraz e-czytelni\u0119 (w oparciu o zasad\u0119 otwartego dost\u0119pu), kt\u00f3ra wydatnie mog\u0142aby si\u0119 przyczyni\u0107 do upowszechniania dokona\u0144 polskich badaczek oraz istotnie podnie\u015b\u0107 poziom cytowalno\u015bci; chcemy stworzy\u0107 fundusz konferencyjny dla naukowczy\u0144.<\/p>\n<p>Stale popularyzujemy nauk\u0119, patronujemy wydarzeniom i publikacjom, promujemy nasze uczone. Poprzez zawierane przez Fundacje \u201ezwi\u0105zki partnerskie\u201d staramy si\u0119 rozwi\u0105zywa\u0107 Wasze problemy, m.in. prowadzimy poradnictwo w zakresie prawa autorskiego, ochrony w\u0142asno\u015bci intelektualnej i prawa patentowego; stwarzamy mo\u017cliwo\u015bci uczestnictwa w konkursach oraz wystawach o randze mi\u0119dzynarodowej itp.<br \/> Prowadzimy projekt Kobiety-Ekspertki, kt\u00f3ry skierowany jest do wszystkich aktywnych Polek, posiadaj\u0105cych do\u015bwiadczenie i fachow\u0105 wiedz\u0119 w swojej bran\u017cy. Docelowym adresatem przygotowywanej bazy b\u0119d\u0105 media oraz trzeci sektor. Wsp\u00f3\u0142pracujemy z organizacjami naukowymi i kobiecymi. Anga\u017cujemy si\u0119 w debat\u0119 publiczn\u0105 uczestnicz\u0105c w spotkaniach z instytucjami rz\u0105dowymi i spo\u0142ecznymi.<\/p>    <\/div>\n<\/div>\n<!-- \/module text -->        <\/div>\n                        <\/div>\n        <\/div>\n        <\/div>\n<!--\/themify_builder_content-->","protected":false},"excerpt":{"rendered":"<p>Polska Sie\u0107 Kobiet Nauki Polska Sie\u0107 Kobiet Nauki Patronaty Konkursy Innowacja jest kobiet\u0105 XI edycja Innowacja jest kobiet\u0105 X edycja Innowacja jest kobiet\u0105 IX edycja Innowacja jest kobiet\u0105 VIII edycja Innowacja jest kobiet\u0105 VII edycja Innowacja jest kobiet\u0105 VI edycja Innowacja jest kobiet\u0105 V edycja Innowacja jest kobiet\u0105 IV edycja Innowacja jest kobiet\u0105 III edycja [&hellip;]<\/p>\n","protected":false},"author":1,"featured_media":0,"parent":0,"menu_order":0,"comment_status":"closed","ping_status":"closed","template":"","meta":{"footnotes":""},"class_list":["post-472","page","type-page","status-publish","hentry","has-post-title","has-post-date","has-post-category","has-post-tag","has-post-comment","has-post-author",""],"builder_content":"<h2 style=\"text-align: center;\">Polska Sie\u0107 Kobiet Nauki<\/h2>\n<ul id=\"menu-main\"><li id=\"menu-item-44\"><a href=\"https:\/\/kobietynauki.org\/\">Polska Sie\u0107 Kobiet Nauki<\/a><\/li> <li id=\"menu-item-377\"><a href=\"https:\/\/kobietynauki.org\/index.php\/patronaty\/\">Patronaty<\/a><\/li> <li id=\"menu-item-397\"><a href=\"https:\/\/kobietynauki.org\/index.php\/konkursy\/\">Konkursy<\/a> <ul> <li id=\"menu-item-1175\"><a href=\"https:\/\/kobietynauki.org\/index.php\/2019\/08\/letnia-edycja-konkursu-innowacja-jest-kobieta-xi-edycja\/\">Innowacja jest kobiet\u0105 XI edycja<\/a><\/li> <li id=\"menu-item-1153\"><a href=\"https:\/\/kobietynauki.org\/index.php\/2019\/02\/wyniki-x-edycji-konkursu-innowacja-jest-kobieta\/\">Innowacja jest kobiet\u0105 X edycja<\/a><\/li> <li id=\"menu-item-1100\"><a href=\"https:\/\/kobietynauki.org\/index.php\/konkursy\/innowacja-jest-kobieta-ix-edycja\/\">Innowacja jest kobiet\u0105 IX edycja<\/a><\/li> <li id=\"menu-item-1053\"><a href=\"https:\/\/kobietynauki.org\/index.php\/konkursy\/innowacja-jest-kobieta-viii-edycja\/\">Innowacja jest kobiet\u0105 VIII edycja<\/a><\/li> <li id=\"menu-item-903\"><a href=\"https:\/\/kobietynauki.org\/index.php\/konkursy\/innowacja-jest-kobieta-vii-edycja\/\">Innowacja jest kobiet\u0105 VII edycja<\/a><\/li> <li id=\"menu-item-591\"><a href=\"https:\/\/kobietynauki.org\/index.php\/konkursy\/innowacja-jest-kobieta-vi-edycja\/\">Innowacja jest kobiet\u0105 VI edycja<\/a><\/li> <li id=\"menu-item-613\"><a href=\"https:\/\/kobietynauki.org\/index.php\/konkursy\/innowacja-jest-kobieta-v-edycja\/\">Innowacja jest kobiet\u0105 V edycja<\/a><\/li> <li id=\"menu-item-638\"><a href=\"https:\/\/kobietynauki.org\/index.php\/konkursy\/innowacja-jest-kobieta-iv-edycja\/\">Innowacja jest kobiet\u0105 IV edycja<\/a><\/li> <li id=\"menu-item-679\"><a href=\"https:\/\/kobietynauki.org\/index.php\/konkursy\/innowacja-jest-kobieta-iii-edycja\/\">Innowacja jest kobiet\u0105 III edycja<\/a><\/li> <li id=\"menu-item-691\"><a href=\"https:\/\/kobietynauki.org\/index.php\/konkursy\/innowacja-jest-kobieta-ii-edycja\/\" aria-current=\"page\">Innowacja jest kobiet\u0105 II edycja<\/a><\/li> <li id=\"menu-item-709\"><a href=\"https:\/\/kobietynauki.org\/index.php\/konkursy\/innowacja-jest-kobieta-i-edycja\/\">Innowacja jest kobiet\u0105 I edycja<\/a><\/li> <\/ul> <\/li> <li id=\"menu-item-419\"><a href=\"https:\/\/kobietynauki.org\/index.php\/nasi-partnerzy\/\">Nasi Partnerzy<\/a><\/li> <li id=\"menu-item-430\"><a href=\"https:\/\/kobietynauki.org\/index.php\/czytelnia\/\">Czytelnia<\/a><\/li> <li id=\"menu-item-470\"><a href=\"https:\/\/kobietynauki.org\/index.php\/kobiety-ekspertki\/\">Kobiety-Ekspertki<\/a><\/li> <li id=\"menu-item-481\"><a href=\"https:\/\/kobietynauki.org\/index.php\/o-nas\/\">O nas<\/a> <ul> <li id=\"menu-item-494\"><a href=\"https:\/\/kobietynauki.org\/index.php\/o-nas\/fundacja\/\">Fundacja<\/a><\/li> <li id=\"menu-item-511\"><a href=\"https:\/\/kobietynauki.org\/index.php\/o-nas\/kim-jestesmy\/\">Kim jeste\u015bmy<\/a><\/li> <li id=\"menu-item-527\"><a href=\"https:\/\/kobietynauki.org\/index.php\/o-nas\/wspieraja-nas\/\">Wspieraj\u0105 nas<\/a><\/li> <li id=\"menu-item-1012\"><a href=\"https:\/\/kobietynauki.org\/index.php\/o-nas\/polityka-prywatnosci\/\">Polityka prywatno\u015bci<\/a><\/li> <li id=\"menu-item-551\"><a href=\"https:\/\/kobietynauki.org\/index.php\/o-nas\/kontakt\/\">Kontakt<\/a><\/li> <\/ul> <\/li> <\/ul>\n<h1>O nas<\/h1> <p>Sytuacja badaczek nie jest \u0142atwa. Statystyki wyra\u017anie pokazuj\u0105, \u017ce istnieje wyra\u017ana dysproporcja w udziale procentowym kobiet z wy\u017cszym tytu\u0142em naukowym (\u015br\u00f3d os\u00f3b z doktoratem kobiety stanowi\u0105 oko\u0142o po\u0142owy, ale ju\u017c stopie\u0144 doktora habilitowanego posiada 26%, a poziom profesury tytularnej osi\u0105ga 17% z nich), a jeszcze mniejszej liczbie kobiet udaje si\u0119 obj\u0105\u0107 stanowiska kierownicze w akademickich plac\u00f3wkach naukowych (w przypadku gremi\u00f3w decyzyjnych w polskiej nauce reprezentacja kobiet kszta\u0142tuje si\u0119 w granicach 7%).<\/p> <p>Kole\u017canki \u2013 Kobiety Nauki musimy zacz\u0105\u0107 si\u0119 jednoczy\u0107, wspiera\u0107. Obecnie w spo\u0142ecze\u0144stwie sieciowym mo\u017cemy zorganizowa\u0107 si\u0119 w zupe\u0142nie nowy spos\u00f3b. Nie narzekajmy na \u201eszklane sufity\u201d czy \u201elepkie pod\u0142ogi\u201d, a zacznijmy dzia\u0142a\u0107! W my\u015bl zasady: prawdziwa decyzja jest mierzona poprzez fakt podj\u0119cia nowego dzia\u0142ania. Je\u015bli nie ma dzia\u0142ania \u2013 tak naprawd\u0119 nie podj\u0105\u0142e\u015b decyzji (Anthony Robbins).<\/p> <p>Potrzeba czasu na rozw\u00f3j naszej dzia\u0142alno\u015bci. B\u0119dziemy stara\u0107 si\u0119 o granty i dotacje, kt\u00f3re pozwol\u0105 nam stworzy\u0107 mechanizmy pomocowe dla r\u00f3\u017cnego rodzaju interesariuszek, m.in. akademiczek b\u0119d\u0105cych na urlopach rodzicielskich, czy powracaj\u0105cych po urlopach wychowawczych; planujemy stworzy\u0107 e-wydawnictwo naukowe oraz e-czytelni\u0119 (w oparciu o zasad\u0119 otwartego dost\u0119pu), kt\u00f3ra wydatnie mog\u0142aby si\u0119 przyczyni\u0107 do upowszechniania dokona\u0144 polskich badaczek oraz istotnie podnie\u015b\u0107 poziom cytowalno\u015bci; chcemy stworzy\u0107 fundusz konferencyjny dla naukowczy\u0144.<\/p> <p>Stale popularyzujemy nauk\u0119, patronujemy wydarzeniom i publikacjom, promujemy nasze uczone. Poprzez zawierane przez Fundacje \u201ezwi\u0105zki partnerskie\u201d staramy si\u0119 rozwi\u0105zywa\u0107 Wasze problemy, m.in. prowadzimy poradnictwo w zakresie prawa autorskiego, ochrony w\u0142asno\u015bci intelektualnej i prawa patentowego; stwarzamy mo\u017cliwo\u015bci uczestnictwa w konkursach oraz wystawach o randze mi\u0119dzynarodowej itp.<br \/> Prowadzimy projekt Kobiety-Ekspertki, kt\u00f3ry skierowany jest do wszystkich aktywnych Polek, posiadaj\u0105cych do\u015bwiadczenie i fachow\u0105 wiedz\u0119 w swojej bran\u017cy. Docelowym adresatem przygotowywanej bazy b\u0119d\u0105 media oraz trzeci sektor. Wsp\u00f3\u0142pracujemy z organizacjami naukowymi i kobiecymi. Anga\u017cujemy si\u0119 w debat\u0119 publiczn\u0105 uczestnicz\u0105c w spotkaniach z instytucjami rz\u0105dowymi i spo\u0142ecznymi.<\/p>","_links":{"self":[{"href":"https:\/\/kobietynauki.org\/index.php\/wp-json\/wp\/v2\/pages\/472","targetHints":{"allow":["GET"]}}],"collection":[{"href":"https:\/\/kobietynauki.org\/index.php\/wp-json\/wp\/v2\/pages"}],"about":[{"href":"https:\/\/kobietynauki.org\/index.php\/wp-json\/wp\/v2\/types\/page"}],"author":[{"embeddable":true,"href":"https:\/\/kobietynauki.org\/index.php\/wp-json\/wp\/v2\/users\/1"}],"replies":[{"embeddable":true,"href":"https:\/\/kobietynauki.org\/index.php\/wp-json\/wp\/v2\/comments?post=472"}],"version-history":[{"count":15,"href":"https:\/\/kobietynauki.org\/index.php\/wp-json\/wp\/v2\/pages\/472\/revisions"}],"predecessor-version":[{"id":930,"href":"https:\/\/kobietynauki.org\/index.php\/wp-json\/wp\/v2\/pages\/472\/revisions\/930"}],"wp:attachment":[{"href":"https:\/\/kobietynauki.org\/index.php\/wp-json\/wp\/v2\/media?parent=472"}],"curies":[{"name":"wp","href":"https:\/\/api.w.org\/{rel}","templated":true}]}}