{"id":370,"date":"2017-11-12T21:30:48","date_gmt":"2017-11-12T19:30:48","guid":{"rendered":"https:\/\/kobietynauki.org\/szablon-copy\/"},"modified":"2020-08-02T03:24:21","modified_gmt":"2020-08-02T01:24:21","slug":"patronaty","status":"publish","type":"page","link":"https:\/\/kobietynauki.org\/index.php\/patronaty\/","title":{"rendered":"Patronaty"},"content":{"rendered":"<!--themify_builder_content-->\n<div id=\"themify_builder_content-370\" data-postid=\"370\" class=\"themify_builder_content themify_builder_content-370 themify_builder tf_clear\">\n                    <div  data-lazy=\"1\" class=\"module_row themify_builder_row tb_sstd289 tb_first tf_w\">\n                        <div class=\"row_inner col_align_top tb_col_count_1 tf_box tf_rel\">\n                        <div  data-lazy=\"1\" class=\"module_column tb-column col-full tb_xfn6030 first\">\n                    <!-- module text -->\n<div  class=\"module module-text tb_rx1h239  repeat \" data-lazy=\"1\">\n        <div  class=\"tb_text_wrap\">\n        <h2 style=\"text-align: center;\">Polska Sie\u0107 Kobiet Nauki<\/h2>    <\/div>\n<\/div>\n<!-- \/module text -->        <\/div>\n                        <\/div>\n        <\/div>\n                        <div  data-lazy=\"1\" class=\"module_row themify_builder_row tb_dngu121 tf_w\">\n                        <div class=\"row_inner col_align_top tb_col_count_1 tf_box tf_rel\">\n                        <div  data-lazy=\"1\" class=\"module_column tb-column col-full tb_grjy230 first\">\n                    <!-- module menu -->\n<div  class=\"module module-menu tb_j015059  mobile-menu-slide\" data-menu-style=\"mobile-menu-slide\" data-menu-breakpoint=\"0\" data-element-id=\"tb_j015059\" data-lazy=\"1\">\n        \n    <div class=\"module-menu-container\"><ul id=\"menu-main\" class=\"ui tf_clearfix nav tf_rel tf_scrollbar menu-bar tb_default_color gradient\"><li id=\"menu-item-44\" class=\"menu-item-page-2 menu-item menu-item-type-post_type menu-item-object-page menu-item-home menu-item-44\"><a href=\"https:\/\/kobietynauki.org\/\">Polska Sie\u0107 Kobiet Nauki<\/a><\/li>\n<li id=\"menu-item-377\" class=\"menu-item-page-370 menu-item menu-item-type-post_type menu-item-object-page menu-item-377\"><a href=\"https:\/\/kobietynauki.org\/index.php\/patronaty\/\">Patronaty<\/a><\/li>\n<li id=\"menu-item-397\" class=\"menu-item-page-387 menu-item menu-item-type-post_type menu-item-object-page current-page-ancestor current-menu-ancestor current-menu-parent current-page-parent current_page_parent current_page_ancestor menu-item-has-children menu-item-397\"><a href=\"https:\/\/kobietynauki.org\/index.php\/konkursy\/\">Konkursy<span class=\"child-arrow closed\" tabindex=\"-1\"><\/span><\/a>\n<ul class=\"sub-menu\">\n\t<li id=\"menu-item-1175\" class=\"menu-item-post-1156 menu-item menu-item-type-post_type menu-item-object-post menu-item-1175 menu-post-1156-parent-397\"><a href=\"https:\/\/kobietynauki.org\/index.php\/2019\/08\/letnia-edycja-konkursu-innowacja-jest-kobieta-xi-edycja\/\">Innowacja jest kobiet\u0105 XI edycja<\/a><\/li>\n\t<li id=\"menu-item-1153\" class=\"menu-item-post-1147 menu-item menu-item-type-post_type menu-item-object-post menu-item-1153 menu-post-1147-parent-397\"><a href=\"https:\/\/kobietynauki.org\/index.php\/2019\/02\/wyniki-x-edycji-konkursu-innowacja-jest-kobieta\/\">Innowacja jest kobiet\u0105 X edycja<\/a><\/li>\n\t<li id=\"menu-item-1100\" class=\"menu-item-page-1093 menu-item menu-item-type-post_type menu-item-object-page menu-item-1100 menu-page-1093-parent-397\"><a href=\"https:\/\/kobietynauki.org\/index.php\/konkursy\/innowacja-jest-kobieta-ix-edycja\/\">Innowacja jest kobiet\u0105 IX edycja<\/a><\/li>\n\t<li id=\"menu-item-1053\" class=\"menu-item-page-1047 menu-item menu-item-type-post_type menu-item-object-page menu-item-1053 menu-page-1047-parent-397\"><a href=\"https:\/\/kobietynauki.org\/index.php\/konkursy\/innowacja-jest-kobieta-viii-edycja\/\">Innowacja jest kobiet\u0105 VIII edycja<\/a><\/li>\n\t<li id=\"menu-item-903\" class=\"menu-item-page-899 menu-item menu-item-type-post_type menu-item-object-page menu-item-903 menu-page-899-parent-397\"><a href=\"https:\/\/kobietynauki.org\/index.php\/konkursy\/innowacja-jest-kobieta-vii-edycja\/\">Innowacja jest kobiet\u0105 VII edycja<\/a><\/li>\n\t<li id=\"menu-item-591\" class=\"menu-item-page-585 menu-item menu-item-type-post_type menu-item-object-page menu-item-591 menu-page-585-parent-397\"><a href=\"https:\/\/kobietynauki.org\/index.php\/konkursy\/innowacja-jest-kobieta-vi-edycja\/\">Innowacja jest kobiet\u0105 VI edycja<\/a><\/li>\n\t<li id=\"menu-item-613\" class=\"menu-item-page-605 menu-item menu-item-type-post_type menu-item-object-page menu-item-613 menu-page-605-parent-397\"><a href=\"https:\/\/kobietynauki.org\/index.php\/konkursy\/innowacja-jest-kobieta-v-edycja\/\">Innowacja jest kobiet\u0105 V edycja<\/a><\/li>\n\t<li id=\"menu-item-638\" class=\"menu-item-page-628 menu-item menu-item-type-post_type menu-item-object-page menu-item-638 menu-page-628-parent-397\"><a href=\"https:\/\/kobietynauki.org\/index.php\/konkursy\/innowacja-jest-kobieta-iv-edycja\/\">Innowacja jest kobiet\u0105 IV edycja<\/a><\/li>\n\t<li id=\"menu-item-679\" class=\"menu-item-page-671 menu-item menu-item-type-post_type menu-item-object-page menu-item-679 menu-page-671-parent-397\"><a href=\"https:\/\/kobietynauki.org\/index.php\/konkursy\/innowacja-jest-kobieta-iii-edycja\/\">Innowacja jest kobiet\u0105 III edycja<\/a><\/li>\n\t<li id=\"menu-item-691\" class=\"menu-item-page-684 menu-item menu-item-type-post_type menu-item-object-page current-menu-item page_item page-item-684 current_page_item menu-item-691 menu-page-684-parent-397\"><a href=\"https:\/\/kobietynauki.org\/index.php\/konkursy\/innowacja-jest-kobieta-ii-edycja\/\" aria-current=\"page\">Innowacja jest kobiet\u0105 II edycja<\/a><\/li>\n\t<li id=\"menu-item-709\" class=\"menu-item-page-699 menu-item menu-item-type-post_type menu-item-object-page menu-item-709 menu-page-699-parent-397\"><a href=\"https:\/\/kobietynauki.org\/index.php\/konkursy\/innowacja-jest-kobieta-i-edycja\/\">Innowacja jest kobiet\u0105 I edycja<\/a><\/li>\n<\/ul>\n<\/li>\n<li id=\"menu-item-419\" class=\"menu-item-page-409 menu-item menu-item-type-post_type menu-item-object-page menu-item-419\"><a href=\"https:\/\/kobietynauki.org\/index.php\/nasi-partnerzy\/\">Nasi Partnerzy<\/a><\/li>\n<li id=\"menu-item-430\" class=\"menu-item-page-421 menu-item menu-item-type-post_type menu-item-object-page menu-item-430\"><a href=\"https:\/\/kobietynauki.org\/index.php\/czytelnia\/\">Czytelnia<\/a><\/li>\n<li id=\"menu-item-470\" class=\"menu-item-page-455 menu-item menu-item-type-post_type menu-item-object-page menu-item-470\"><a href=\"https:\/\/kobietynauki.org\/index.php\/kobiety-ekspertki\/\">Kobiety-Ekspertki<\/a><\/li>\n<li id=\"menu-item-481\" class=\"menu-item-page-472 menu-item menu-item-type-post_type menu-item-object-page menu-item-has-children menu-item-481\"><a href=\"https:\/\/kobietynauki.org\/index.php\/o-nas\/\">O nas<span class=\"child-arrow closed\" tabindex=\"-1\"><\/span><\/a>\n<ul class=\"sub-menu\">\n\t<li id=\"menu-item-494\" class=\"menu-item-page-483 menu-item menu-item-type-post_type menu-item-object-page menu-item-494 menu-page-483-parent-481\"><a href=\"https:\/\/kobietynauki.org\/index.php\/o-nas\/fundacja\/\">Fundacja<\/a><\/li>\n\t<li id=\"menu-item-511\" class=\"menu-item-page-498 menu-item menu-item-type-post_type menu-item-object-page menu-item-511 menu-page-498-parent-481\"><a href=\"https:\/\/kobietynauki.org\/index.php\/o-nas\/kim-jestesmy\/\">Kim jeste\u015bmy<\/a><\/li>\n\t<li id=\"menu-item-527\" class=\"menu-item-page-521 menu-item menu-item-type-post_type menu-item-object-page menu-item-527 menu-page-521-parent-481\"><a href=\"https:\/\/kobietynauki.org\/index.php\/o-nas\/wspieraja-nas\/\">Wspieraj\u0105 nas<\/a><\/li>\n\t<li id=\"menu-item-1012\" class=\"menu-item-page-1007 menu-item menu-item-type-post_type menu-item-object-page menu-item-1012 menu-page-1007-parent-481\"><a href=\"https:\/\/kobietynauki.org\/index.php\/o-nas\/polityka-prywatnosci\/\">Polityka prywatno\u015bci<\/a><\/li>\n\t<li id=\"menu-item-551\" class=\"menu-item-page-533 menu-item menu-item-type-post_type menu-item-object-page menu-item-551 menu-page-533-parent-481\"><a href=\"https:\/\/kobietynauki.org\/index.php\/o-nas\/kontakt\/\">Kontakt<\/a><\/li>\n<\/ul>\n<\/li>\n<\/ul><\/div>        <style>\n            .mobile-menu-module[data-module=\"tb_j015059\"]{\n                right:-300px            }\n        <\/style>\n    <\/div>\n<!-- \/module menu -->\n        <\/div>\n                        <\/div>\n        <\/div>\n                        <div  data-lazy=\"1\" class=\"module_row themify_builder_row tb_4f4g161 tf_w\">\n                        <div class=\"row_inner col_align_top tb_col_count_1 tf_box tf_rel\">\n                        <div  data-lazy=\"1\" class=\"module_column tb-column col-full tb_db1a920 first\">\n                    <!-- module text -->\n<div  class=\"module module-text tb_j5oi909  repeat \" data-lazy=\"1\">\n        <div  class=\"tb_text_wrap\">\n        <h1>Patronaty<\/h1>\n<h2>Akcja patronacka Fundacji &#8222;Kobiety Nauki&#8221;<\/h2>\n<p><strong>Patronaty nad wydarzeniami<\/strong><\/p>\n<p>Fundacja Kobiety Nauki \u2013 Polska Sie\u0107 Kobiet Nauki obejmie swym patronatem wydarzenia \u2013 konferencje, seminaria, spotkania, warsztaty itd., kt\u00f3re odpowiadaj\u0105 celom dzia\u0142alno\u015bci wskazanej w statucie.<br \/> Podstawowe za\u0142o\u017cenia umowy patronackiej:<br \/> Fundacja Kobiety Nauki w ramach porozumienia patronackiego zobowi\u0105zuje si\u0119 do:<br \/> 1. Umieszczenia na portalu internetowym www.kobietynauki.org oraz na fanpage\u2019u Polskiej Sieci Kobiet Nauki na Facebooku informacji o wydarzeniu oraz wszelkich materia\u0142\u00f3w dot. przedmiotu porozumienia, kt\u00f3re mog\u0105 podlega\u0107 publikacji z uwzgl\u0119dnieniem przepis\u00f3w prawa autorskiego.<br \/> 2. Udost\u0119pnienia logotypu Polskiej Sieci Kobiet Nauki do zilustrowania patronatu nad wydarzeniem.<\/p>\n<p>Partner (kt\u00f3rym z regu\u0142y jest organizator konferencji) w ramach niniejszego porozumienia zobowi\u0105zuj\u0119 si\u0119 do:<br \/> 1. Zamieszczenia logo Fundacji Kobiety Nauki na plakatach.<br \/> 2. Zamieszczenie logo, link\u00f3w i informacji o partnerze na stronie internetowej wydarzenia oraz jego fanpage.<br \/> 3. Wymienienie partnera w notatkach prasowych.<\/p>\n<p><strong>Patronaty wydawnicze<\/strong><\/p>\n<p>Fundacja Kobiety Nauki \u2013 Polska Sie\u0107 Kobiet Nauki obejmie swym patronatem publikacje, kt\u00f3rych autorkami lub redaktorkami s\u0105 naukowczynie.<br \/> Podstawowe za\u0142o\u017cenia umowy patronackiej:<br \/> Fundacja Kobiety Nauki w ramach porozumienia patronackiego zobowi\u0105zuje si\u0119 do:<br \/> 1. Umieszczenia na portalu internetowym www.kobietynauki.org oraz na fanpage\u2019u Polskiej Sieci Kobiet Nauki na Facebooku informacji o publikacji oraz wszelkich materia\u0142\u00f3w dot. przedmiotu porozumienia, kt\u00f3re mog\u0105 podlega\u0107 publikacji z uwzgl\u0119dnieniem przepis\u00f3w prawa autorskiego.<br \/> 2. Udost\u0119pnienia logotypu Polskiej Sieci Kobiet Nauki do zilustrowania patronatu nad ksi\u0105\u017ck\u0105.<\/p>\n<p>Partner (kt\u00f3rym z regu\u0142y jest wydawnictwo) w ramach niniejszego porozumienia zobowi\u0105zuj\u0119 si\u0119 do:<br \/> 1. Umieszczenia logotypu Polskiej Sieci Kobiet Nauki na ok\u0142adce publikacji b\u0119d\u0105cej przedmiotem porozumienia.<br \/> 2. Przekazania Fundacji kilku egzemplarzy (2-5 szt.) publikacji do rozdania w konkursach organizowanych na portalu www.kobietynauki.org oraz fanpage\u2019u na Facebooku.<br \/> 3. Informowania, w przesy\u0142anych informacjach prasowych oraz podczas spotka\u0144 promuj\u0105cych ksi\u0105\u017ck\u0119, o patronatach.<\/p>\n<p>Zapraszamy do korzystania z tego rodzaju promocji wszystkie naukowczynie, redakcje, wydawnictwa.<\/p>\n<p>Naszym celem jest upowszechnianie nauki! Ma\u0142ymi krokami, kt\u00f3re mog\u0105 okaza\u0107 si\u0119 wielkie dla ludzko\u015bci.<\/p>    <\/div>\n<\/div>\n<!-- \/module text --><!-- module text -->\n<div  class=\"module module-text tb_m147310  repeat \" data-lazy=\"1\">\n        <div  class=\"tb_text_wrap\">\n            <\/div>\n<\/div>\n<!-- \/module text -->        <\/div>\n                        <\/div>\n        <\/div>\n        <\/div>\n<!--\/themify_builder_content-->","protected":false},"excerpt":{"rendered":"<p>Polska Sie\u0107 Kobiet Nauki Polska Sie\u0107 Kobiet Nauki Patronaty Konkursy Innowacja jest kobiet\u0105 XI edycja Innowacja jest kobiet\u0105 X edycja Innowacja jest kobiet\u0105 IX edycja Innowacja jest kobiet\u0105 VIII edycja Innowacja jest kobiet\u0105 VII edycja Innowacja jest kobiet\u0105 VI edycja Innowacja jest kobiet\u0105 V edycja Innowacja jest kobiet\u0105 IV edycja Innowacja jest kobiet\u0105 III edycja [&hellip;]<\/p>\n","protected":false},"author":1,"featured_media":0,"parent":0,"menu_order":0,"comment_status":"closed","ping_status":"closed","template":"","meta":{"footnotes":""},"class_list":["post-370","page","type-page","status-publish","hentry","has-post-title","has-post-date","has-post-category","has-post-tag","has-post-comment","has-post-author",""],"builder_content":"<h2 style=\"text-align: center;\">Polska Sie\u0107 Kobiet Nauki<\/h2>\n<ul id=\"menu-main\"><li id=\"menu-item-44\"><a href=\"https:\/\/kobietynauki.org\/\">Polska Sie\u0107 Kobiet Nauki<\/a><\/li> <li id=\"menu-item-377\"><a href=\"https:\/\/kobietynauki.org\/index.php\/patronaty\/\">Patronaty<\/a><\/li> <li id=\"menu-item-397\"><a href=\"https:\/\/kobietynauki.org\/index.php\/konkursy\/\">Konkursy<\/a> <ul> <li id=\"menu-item-1175\"><a href=\"https:\/\/kobietynauki.org\/index.php\/2019\/08\/letnia-edycja-konkursu-innowacja-jest-kobieta-xi-edycja\/\">Innowacja jest kobiet\u0105 XI edycja<\/a><\/li> <li id=\"menu-item-1153\"><a href=\"https:\/\/kobietynauki.org\/index.php\/2019\/02\/wyniki-x-edycji-konkursu-innowacja-jest-kobieta\/\">Innowacja jest kobiet\u0105 X edycja<\/a><\/li> <li id=\"menu-item-1100\"><a href=\"https:\/\/kobietynauki.org\/index.php\/konkursy\/innowacja-jest-kobieta-ix-edycja\/\">Innowacja jest kobiet\u0105 IX edycja<\/a><\/li> <li id=\"menu-item-1053\"><a href=\"https:\/\/kobietynauki.org\/index.php\/konkursy\/innowacja-jest-kobieta-viii-edycja\/\">Innowacja jest kobiet\u0105 VIII edycja<\/a><\/li> <li id=\"menu-item-903\"><a href=\"https:\/\/kobietynauki.org\/index.php\/konkursy\/innowacja-jest-kobieta-vii-edycja\/\">Innowacja jest kobiet\u0105 VII edycja<\/a><\/li> <li id=\"menu-item-591\"><a href=\"https:\/\/kobietynauki.org\/index.php\/konkursy\/innowacja-jest-kobieta-vi-edycja\/\">Innowacja jest kobiet\u0105 VI edycja<\/a><\/li> <li id=\"menu-item-613\"><a href=\"https:\/\/kobietynauki.org\/index.php\/konkursy\/innowacja-jest-kobieta-v-edycja\/\">Innowacja jest kobiet\u0105 V edycja<\/a><\/li> <li id=\"menu-item-638\"><a href=\"https:\/\/kobietynauki.org\/index.php\/konkursy\/innowacja-jest-kobieta-iv-edycja\/\">Innowacja jest kobiet\u0105 IV edycja<\/a><\/li> <li id=\"menu-item-679\"><a href=\"https:\/\/kobietynauki.org\/index.php\/konkursy\/innowacja-jest-kobieta-iii-edycja\/\">Innowacja jest kobiet\u0105 III edycja<\/a><\/li> <li id=\"menu-item-691\"><a href=\"https:\/\/kobietynauki.org\/index.php\/konkursy\/innowacja-jest-kobieta-ii-edycja\/\" aria-current=\"page\">Innowacja jest kobiet\u0105 II edycja<\/a><\/li> <li id=\"menu-item-709\"><a href=\"https:\/\/kobietynauki.org\/index.php\/konkursy\/innowacja-jest-kobieta-i-edycja\/\">Innowacja jest kobiet\u0105 I edycja<\/a><\/li> <\/ul> <\/li> <li id=\"menu-item-419\"><a href=\"https:\/\/kobietynauki.org\/index.php\/nasi-partnerzy\/\">Nasi Partnerzy<\/a><\/li> <li id=\"menu-item-430\"><a href=\"https:\/\/kobietynauki.org\/index.php\/czytelnia\/\">Czytelnia<\/a><\/li> <li id=\"menu-item-470\"><a href=\"https:\/\/kobietynauki.org\/index.php\/kobiety-ekspertki\/\">Kobiety-Ekspertki<\/a><\/li> <li id=\"menu-item-481\"><a href=\"https:\/\/kobietynauki.org\/index.php\/o-nas\/\">O nas<\/a> <ul> <li id=\"menu-item-494\"><a href=\"https:\/\/kobietynauki.org\/index.php\/o-nas\/fundacja\/\">Fundacja<\/a><\/li> <li id=\"menu-item-511\"><a href=\"https:\/\/kobietynauki.org\/index.php\/o-nas\/kim-jestesmy\/\">Kim jeste\u015bmy<\/a><\/li> <li id=\"menu-item-527\"><a href=\"https:\/\/kobietynauki.org\/index.php\/o-nas\/wspieraja-nas\/\">Wspieraj\u0105 nas<\/a><\/li> <li id=\"menu-item-1012\"><a href=\"https:\/\/kobietynauki.org\/index.php\/o-nas\/polityka-prywatnosci\/\">Polityka prywatno\u015bci<\/a><\/li> <li id=\"menu-item-551\"><a href=\"https:\/\/kobietynauki.org\/index.php\/o-nas\/kontakt\/\">Kontakt<\/a><\/li> <\/ul> <\/li> <\/ul>\n<h1>Patronaty<\/h1> <h2>Akcja patronacka Fundacji \"Kobiety Nauki\"<\/h2> <p><strong>Patronaty nad wydarzeniami<\/strong><\/p> <p>Fundacja Kobiety Nauki \u2013 Polska Sie\u0107 Kobiet Nauki obejmie swym patronatem wydarzenia \u2013 konferencje, seminaria, spotkania, warsztaty itd., kt\u00f3re odpowiadaj\u0105 celom dzia\u0142alno\u015bci wskazanej w statucie.<br \/> Podstawowe za\u0142o\u017cenia umowy patronackiej:<br \/> Fundacja Kobiety Nauki w ramach porozumienia patronackiego zobowi\u0105zuje si\u0119 do:<br \/> 1. Umieszczenia na portalu internetowym www.kobietynauki.org oraz na fanpage\u2019u Polskiej Sieci Kobiet Nauki na Facebooku informacji o wydarzeniu oraz wszelkich materia\u0142\u00f3w dot. przedmiotu porozumienia, kt\u00f3re mog\u0105 podlega\u0107 publikacji z uwzgl\u0119dnieniem przepis\u00f3w prawa autorskiego.<br \/> 2. Udost\u0119pnienia logotypu Polskiej Sieci Kobiet Nauki do zilustrowania patronatu nad wydarzeniem.<\/p> <p>Partner (kt\u00f3rym z regu\u0142y jest organizator konferencji) w ramach niniejszego porozumienia zobowi\u0105zuj\u0119 si\u0119 do:<br \/> 1. Zamieszczenia logo Fundacji Kobiety Nauki na plakatach.<br \/> 2. Zamieszczenie logo, link\u00f3w i informacji o partnerze na stronie internetowej wydarzenia oraz jego fanpage.<br \/> 3. Wymienienie partnera w notatkach prasowych.<\/p> <p><strong>Patronaty wydawnicze<\/strong><\/p> <p>Fundacja Kobiety Nauki \u2013 Polska Sie\u0107 Kobiet Nauki obejmie swym patronatem publikacje, kt\u00f3rych autorkami lub redaktorkami s\u0105 naukowczynie.<br \/> Podstawowe za\u0142o\u017cenia umowy patronackiej:<br \/> Fundacja Kobiety Nauki w ramach porozumienia patronackiego zobowi\u0105zuje si\u0119 do:<br \/> 1. Umieszczenia na portalu internetowym www.kobietynauki.org oraz na fanpage\u2019u Polskiej Sieci Kobiet Nauki na Facebooku informacji o publikacji oraz wszelkich materia\u0142\u00f3w dot. przedmiotu porozumienia, kt\u00f3re mog\u0105 podlega\u0107 publikacji z uwzgl\u0119dnieniem przepis\u00f3w prawa autorskiego.<br \/> 2. Udost\u0119pnienia logotypu Polskiej Sieci Kobiet Nauki do zilustrowania patronatu nad ksi\u0105\u017ck\u0105.<\/p> <p>Partner (kt\u00f3rym z regu\u0142y jest wydawnictwo) w ramach niniejszego porozumienia zobowi\u0105zuj\u0119 si\u0119 do:<br \/> 1. Umieszczenia logotypu Polskiej Sieci Kobiet Nauki na ok\u0142adce publikacji b\u0119d\u0105cej przedmiotem porozumienia.<br \/> 2. Przekazania Fundacji kilku egzemplarzy (2-5 szt.) publikacji do rozdania w konkursach organizowanych na portalu www.kobietynauki.org oraz fanpage\u2019u na Facebooku.<br \/> 3. Informowania, w przesy\u0142anych informacjach prasowych oraz podczas spotka\u0144 promuj\u0105cych ksi\u0105\u017ck\u0119, o patronatach.<\/p> <p>Zapraszamy do korzystania z tego rodzaju promocji wszystkie naukowczynie, redakcje, wydawnictwa.<\/p> <p>Naszym celem jest upowszechnianie nauki! Ma\u0142ymi krokami, kt\u00f3re mog\u0105 okaza\u0107 si\u0119 wielkie dla ludzko\u015bci.<\/p>\n","_links":{"self":[{"href":"https:\/\/kobietynauki.org\/index.php\/wp-json\/wp\/v2\/pages\/370","targetHints":{"allow":["GET"]}}],"collection":[{"href":"https:\/\/kobietynauki.org\/index.php\/wp-json\/wp\/v2\/pages"}],"about":[{"href":"https:\/\/kobietynauki.org\/index.php\/wp-json\/wp\/v2\/types\/page"}],"author":[{"embeddable":true,"href":"https:\/\/kobietynauki.org\/index.php\/wp-json\/wp\/v2\/users\/1"}],"replies":[{"embeddable":true,"href":"https:\/\/kobietynauki.org\/index.php\/wp-json\/wp\/v2\/comments?post=370"}],"version-history":[{"count":24,"href":"https:\/\/kobietynauki.org\/index.php\/wp-json\/wp\/v2\/pages\/370\/revisions"}],"predecessor-version":[{"id":932,"href":"https:\/\/kobietynauki.org\/index.php\/wp-json\/wp\/v2\/pages\/370\/revisions\/932"}],"wp:attachment":[{"href":"https:\/\/kobietynauki.org\/index.php\/wp-json\/wp\/v2\/media?parent=370"}],"curies":[{"name":"wp","href":"https:\/\/api.w.org\/{rel}","templated":true}]}}